{"id":89,"date":"2014-02-04T15:33:24","date_gmt":"2014-02-04T13:33:24","guid":{"rendered":"http:\/\/bsk.maennchen1.de\/?page_id=89"},"modified":"2019-02-20T19:10:13","modified_gmt":"2019-02-20T17:10:13","slug":"franzoesisch","status":"publish","type":"page","link":"https:\/\/abendgymnasium-braunschweig.de\/?page_id=89","title":{"rendered":"Franz\u00f6sisch"},"content":{"rendered":"<h1>Franz\u00f6sisch<\/h1>\n<h2>am Abendgymnasium Braunschweig<\/h2>\n<hr \/>\n<p><strong>FRANZ\u00d6SISCH<\/strong> als neubeginnende 2. Fremdsprache<\/p>\n<p>Haben Sie von Klasse 7-10 keine 2. Fremdsprache gelernt, so m\u00fcssen Sie dies jetzt nachholen.<br \/>\nEs spricht viel daf\u00fcr, Franz\u00f6sisch zu lernen!<br \/>\nFranz\u00f6sisch ist bei Bewerbungen ein Pluspunkt. Woran das liegt?<\/p>\n<ul>\n<li>Franz\u00f6sisch wird von 300 Mio. Sprechern in \u00fcber 50 L\u00e4ndern gesprochen und ist in \u00fcber 30 Staaten Amtssprache.<\/li>\n<li>Zahlreiche Unternehmen wie Airbus, Siemens oder BASF sind in beiden L\u00e4ndern aktiv;<br \/>\n3.100 deutsche Firmen besch\u00e4ftigen 300.000 Arbeitnehmer in Frankreich; umgekehrt gibt es 3.700 franz\u00f6sische Firmen mit 328.000 Besch\u00e4ftigten in Deutschland.<\/li>\n<li>Deutsche Ausbildungsabschl\u00fcsse werden von franz\u00f6sischen Arbeitgebern anerkannt und umgekehrt \u2013 hieraus ergibt sich eine Vielzahl von Berufsm\u00f6glichkeiten.<\/li>\n<\/ul>\n<p>Das Fach Franz\u00f6sisch am Abendgymnasium bietet die M\u00f6glichkeit, sich mit der Sprache, Kultur und Mentalit\u00e4t unseres Nachbarlandes zu besch\u00e4ftigen. Vorkenntnisse werden nicht vorausgesetzt.<\/p>\n<p><strong>Unterrichtsorganisation:<\/strong><\/p>\n<p>Die Auflagen zur 2. Fremdsprache k\u00f6nnen wahlweise in 3 oder 4 Halbjahren mit jeweils 4 Wochenstunden erf\u00fcllt werden:<\/p>\n<ul>\n<li>Teilnahme am Sprachenvorkurs (2. HJ.) mit mindestens Abschlussnote \u201eVier\u201c (\u201eausreichend\u201c) sowie mindestens 05 Punkten (\u201eausreichend\u201c) in beiden Halbjahren der Einf\u00fchrungsphase (entspricht Jg.11 ).<\/li>\n<li>Alternativ: Teilnahme an beiden Halbjahren der Einf\u00fchrungsphase und dem 1. und 2. Semester der Qualifizierungsphase (entspricht Jg.12) mit jeweils 05 Punkten als Abschlussnote.<\/li>\n<\/ul>\n<p><strong>Inhalte:<\/strong><\/p>\n<p><b><span style=\"color: #0000ff;\">Vorkurs und Einf\u00fchrungsphase<\/span><\/b><\/p>\n<p>Vermittlung von sprachlichen Grundlagen auf der Basis des Lehrbuchs anhand moderner Themen unter Ber\u00fccksichtigung kultureller Besonderheiten. Von Anfang an steht hier die F\u00f6rderung der aktiven Kommunikationsf\u00e4higkeit in Alltagssituationen im Mittelpunkt (sich vorstellen, nach dem Weg fragen etc.).<\/p>\n<p><b><span style=\"color: #0000ff;\">Qualifikationsphase<\/span><\/b><\/p>\n<p>Erweiterung der kommunikativen, handlungsorientierten Kompetenz durch Vertiefung der lexikalischen und grammatischen Kenntnisse.<br \/>\nIm 2. HJ. allm\u00e4hlicher \u00dcbergang zur Behandlung inhaltlicher Schwerpunkte anhand von Kurzgeschichten, Videoclips, Filmen etc.<br \/>\n3.\/4. HJ.: Freiwillige Weiterbelegung des Fachs im Rahmen der schulorganisatorischen M\u00f6glichkeiten entsprechend der Themen- und Materialvorgaben des Zentralabiturs. Bei durchg\u00e4ngiger Belegung kann Franz\u00f6sisch als m\u00fcndliches Abiturpr\u00fcfungsfach gew\u00e4hlt werden.\u00a0Die Wahl der Semesterthemen wird durch die vom Kultusministerium im Hinblick auf die zentrale Abiturpr\u00fcfung festgelegten obligatorischen Materialien sowie die im <a href=\"http:\/\/db2.nibis.de\/1db\/cuvo\/datei\/fr_go_kc_druck_2017.pdf\">Kerncurriculum Franz\u00f6sisch<\/a> angegebenen Themenfelder bestimmt.<\/p>\n<p>Fachbezogene Hinweise f\u00fcr das Zentralabitur Englisch: <a href=\"http:\/\/www.nibis.de\/uploads\/1heihoke\/curricula\/2019\/03FranzoesischHinweise2019.pdf\">2019<\/a> \u00a0 <a href=\"http:\/\/www.nibis.de\/uploads\/1gosin\/files\/abitur2020\/03Franz%C3%B6sischHinweise2020_20170905.pdf\">2020<\/a> \u00a0 <a href=\"http:\/\/www.nibis.de\/uploads\/1gohrgs\/za2021\/03Franz%C3%B6sischHinweise2021.pdf\" target=\"_blank\" rel=\"noopener\">2021<\/a><\/p>\n<p><strong>Lehrmaterial :<\/strong><\/p>\n<p><u><b>Sprachenvorkurs:<\/b><\/u><\/p>\n<p>G\u00e9n\u00e9ration pro niveau d\u00e9butants. Sch\u00fclerbuch, Klett-Verlag<br \/>\nISBN 978-3-12-524471-9 <strong><em>23,50\u20ac<\/em><\/strong><\/p>\n<p><strong><u><b>Einf\u00fchrungsphase: \/ 1. und 2. HJ. der Qualifikationsphase<\/b><\/u><\/strong><br \/>\nG\u00e9n\u00e9ration pro niveau d\u00e9butants A2. Sch\u00fclerbuch, Klett-Verlag<br \/>\nISBN 978-3-12-624601-9 <strong><em>26,75\u20ac<\/em><\/strong><\/p>\n<p>G\u00e9n\u00e9ration pro niveau d\u00e9butants A2, Klett-Verlag<br \/>\nCahier d\u2019activit\u00e9s (von den Sch\u00fclern selbst zu kaufen):<br \/>\nISBN 978-3-12-624602-6 <em><strong>17,50\u20ac<\/strong><\/em><\/p>\n<p><b><span style=\"font-size: large;\">Links<\/span><\/b><\/p>\n<p><a href=\"http:\/\/www.botschaft-frankreich.de\/\" target=\"_blank\" rel=\"noopener\">Franz\u00f6sische Botschaft<\/a><\/p>\n<p><a href=\"http:\/\/www.bonjourdefrance.com\/\" target=\"_blank\" rel=\"noopener\">Bonjourdefrance<\/a><\/p>\n<p><a href=\"http:\/\/www.franzoesisch-lernen-online.de\/\" target=\"_blank\" rel=\"noopener\">Franz\u00f6sisch lernen online<\/a><\/p>\n<p><a href=\"http:\/\/www.leo.org\/\" target=\"_blank\" rel=\"noopener\">Leo<\/a><\/p>\n<p><a href=\"https:\/\/www.arte.tv\/de\/videos\/RC-014034\/karambolage\/\">Karamboulage<\/a><\/p>\n","protected":false},"excerpt":{"rendered":"<p>Franz\u00f6sisch am Abendgymnasium Braunschweig FRANZ\u00d6SISCH als neubeginnende 2. Fremdsprache Haben Sie von Klasse 7-10 keine 2. Fremdsprache gelernt, so m\u00fcssen Sie dies jetzt nachholen. Es spricht viel daf\u00fcr, Franz\u00f6sisch zu lernen! Franz\u00f6sisch ist bei Bewerbungen ein Pluspunkt. Woran das liegt? Franz\u00f6sisch wird von 300 Mio. Sprechern in \u00fcber 50 L\u00e4ndern gesprochen und ist in \u00fcber [&hellip;]<\/p>\n","protected":false},"author":1,"featured_media":0,"parent":37,"menu_order":413,"comment_status":"open","ping_status":"open","template":"","meta":{"footnotes":""},"_links":{"self":[{"href":"https:\/\/abendgymnasium-braunschweig.de\/index.php?rest_route=\/wp\/v2\/pages\/89"}],"collection":[{"href":"https:\/\/abendgymnasium-braunschweig.de\/index.php?rest_route=\/wp\/v2\/pages"}],"about":[{"href":"https:\/\/abendgymnasium-braunschweig.de\/index.php?rest_route=\/wp\/v2\/types\/page"}],"author":[{"embeddable":true,"href":"https:\/\/abendgymnasium-braunschweig.de\/index.php?rest_route=\/wp\/v2\/users\/1"}],"replies":[{"embeddable":true,"href":"https:\/\/abendgymnasium-braunschweig.de\/index.php?rest_route=%2Fwp%2Fv2%2Fcomments&post=89"}],"version-history":[{"count":10,"href":"https:\/\/abendgymnasium-braunschweig.de\/index.php?rest_route=\/wp\/v2\/pages\/89\/revisions"}],"predecessor-version":[{"id":1738,"href":"https:\/\/abendgymnasium-braunschweig.de\/index.php?rest_route=\/wp\/v2\/pages\/89\/revisions\/1738"}],"up":[{"embeddable":true,"href":"https:\/\/abendgymnasium-braunschweig.de\/index.php?rest_route=\/wp\/v2\/pages\/37"}],"wp:attachment":[{"href":"https:\/\/abendgymnasium-braunschweig.de\/index.php?rest_route=%2Fwp%2Fv2%2Fmedia&parent=89"}],"curies":[{"name":"wp","href":"https:\/\/api.w.org\/{rel}","templated":true}]}}