{"id":87,"date":"2014-02-04T15:32:55","date_gmt":"2014-02-04T13:32:55","guid":{"rendered":"http:\/\/bsk.maennchen1.de\/?page_id=87"},"modified":"2019-02-20T18:47:34","modified_gmt":"2019-02-20T16:47:34","slug":"englisch","status":"publish","type":"page","link":"https:\/\/abendgymnasium-braunschweig.de\/?page_id=87","title":{"rendered":"Englisch"},"content":{"rendered":"<h1>ENGLISCH<\/h1>\n<h2>am Abendgymnasium Braunschweig<\/h2>\n<hr \/>\n<p><b><span style=\"color: #0000ff;\">Vorkurs und Einf\u00fchrungsphase<\/span><\/b><\/p>\n<p><b>Prinzip: An der Lerngruppe orientierter Unterricht <\/b><br \/>\nDer Englischunterricht hat im Vorkurs und zu Beginn der Einf\u00fchrungsphase zum Ziel, den Studierenden grundlegende sprachliche und grammatische Kenntnisse zu vermitteln, bzw. diese wieder aufzufrischen. Dabei bem\u00fchen wir uns, die unterschiedlichen Sprachvoraussetzungen der Studierenden zu ber\u00fccksichtigen und sie so zu f\u00f6rdern, dass sie am Unterricht in der Oberstufe (Qualifikationsphase) erfolgreich teilnehmen k\u00f6nnen.<br \/>\nGegen Ende der Einf\u00fchrungsphase werden daher oberstufenspezifische Themen, Aufgabenstellun\u00adgen und Arbeitsweisen eingef\u00fchrt und einge\u00fcbt, um die Studierenden auf die Oberstufe vorzu\u00adbereiten.<\/p>\n<p><b><span style=\"color: #0000ff;\">Qualifikationsphase<\/span><\/b><\/p>\n<p>In der Qualifikationsphase steht der Aufbau der interkulturellen Handlungs- und Kommunikations\u00adkompetenz im Vordergrund. Dazu behandeln wir literarische, gesellschaftliche und landeskundliche Themen mit Hilfe von unterschiedlichen Materialien, wie z.B. Novel, Drama, Newspaper Article, Cartoon und mittels audiovisueller Medien, wie z.B. Commercials, Video Clips, Feature Films. M\u00f6gliche \u00fcbergeordnete Semesterthemen sind dabei z.B. \u201cBritain: A Country between Tradition and Change\u201d, \u201cMedia and Reality\u201d, \u201cThe American Experience\u201d. Die Wahl der Semesterthemen wird durch die vom Kultusministerium im Hinblick auf die zentrale Abiturpr\u00fcfung festgelegten obligatorischen Materialien sowie die im <a href=\"http:\/\/db2.nibis.de\/1db\/cuvo\/datei\/en_go_kc_druck_2018.pdf\">Kerncurriculum Englisch<\/a> angegebenen Themenfelder bestimmt.<\/p>\n<p>Fachbezogene Hinweise f\u00fcr das Zentralabitur Englisch: <a href=\"http:\/\/www.nibis.de\/uploads\/1gohrgs\/za2019\/02EnglischHinweise2019.pdf\">2019<\/a> \u00a0 <a href=\"http:\/\/www.nibis.de\/uploads\/1gosin\/files\/abitur2020\/02EnglischHinweise2020_20170807.pdf\">2020<\/a> \u00a0 <a href=\"http:\/\/www.nibis.de\/uploads\/1gohrgs\/za2021\/02EnglischHinweise2021.pdf\">2021<\/a><\/p>\n<p>Lehrmaterial :<\/p>\n<p><u><b>Vorkurs:<\/b><\/u><br \/>\nA New Start Coursebook with Grammar and Vocabulary, Cornelsen<br \/>\nISBN 978-3-464-20034-6 <i><b>23,25\u20ac<\/b><\/i><\/p>\n<p><u><b>Einf\u00fchrungsphase:<\/b><\/u><br \/>\nFreeway Allgemeine Ausgabe ab 2016. Sch\u00fclerbuch, Klett-Verlag<br \/>\nISBN 978-3-12-800122-7 <i><b>27,95\u20ac<\/b><\/i><\/p>\n<p>Freeway Allgemeine Ausgabe ab 2016. Workbook, Klett-Verlag<br \/>\nISBN 978-3-12-800123-4 <i><b>13,25\u20ac<\/b><\/i><\/p>\n<p><u><b>Qualifikationsphase:<\/b><\/u><br \/>\nContext, Cornelsen<br \/>\nISBN 978-3-06-031478-2 <i><b>22,99\u20ac<\/b><\/i><\/p>\n","protected":false},"excerpt":{"rendered":"<p>ENGLISCH am Abendgymnasium Braunschweig Vorkurs und Einf\u00fchrungsphase Prinzip: An der Lerngruppe orientierter Unterricht Der Englischunterricht hat im Vorkurs und zu Beginn der Einf\u00fchrungsphase zum Ziel, den Studierenden grundlegende sprachliche und grammatische Kenntnisse zu vermitteln, bzw. diese wieder aufzufrischen. Dabei bem\u00fchen wir uns, die unterschiedlichen Sprachvoraussetzungen der Studierenden zu ber\u00fccksichtigen und sie so zu f\u00f6rdern, dass [&hellip;]<\/p>\n","protected":false},"author":1,"featured_media":0,"parent":37,"menu_order":412,"comment_status":"open","ping_status":"open","template":"","meta":{"footnotes":""},"_links":{"self":[{"href":"https:\/\/abendgymnasium-braunschweig.de\/index.php?rest_route=\/wp\/v2\/pages\/87"}],"collection":[{"href":"https:\/\/abendgymnasium-braunschweig.de\/index.php?rest_route=\/wp\/v2\/pages"}],"about":[{"href":"https:\/\/abendgymnasium-braunschweig.de\/index.php?rest_route=\/wp\/v2\/types\/page"}],"author":[{"embeddable":true,"href":"https:\/\/abendgymnasium-braunschweig.de\/index.php?rest_route=\/wp\/v2\/users\/1"}],"replies":[{"embeddable":true,"href":"https:\/\/abendgymnasium-braunschweig.de\/index.php?rest_route=%2Fwp%2Fv2%2Fcomments&post=87"}],"version-history":[{"count":21,"href":"https:\/\/abendgymnasium-braunschweig.de\/index.php?rest_route=\/wp\/v2\/pages\/87\/revisions"}],"predecessor-version":[{"id":1722,"href":"https:\/\/abendgymnasium-braunschweig.de\/index.php?rest_route=\/wp\/v2\/pages\/87\/revisions\/1722"}],"up":[{"embeddable":true,"href":"https:\/\/abendgymnasium-braunschweig.de\/index.php?rest_route=\/wp\/v2\/pages\/37"}],"wp:attachment":[{"href":"https:\/\/abendgymnasium-braunschweig.de\/index.php?rest_route=%2Fwp%2Fv2%2Fmedia&parent=87"}],"curies":[{"name":"wp","href":"https:\/\/api.w.org\/{rel}","templated":true}]}}