{"id":85,"date":"2014-02-04T15:32:28","date_gmt":"2014-02-04T13:32:28","guid":{"rendered":"http:\/\/bsk.maennchen1.de\/?page_id=85"},"modified":"2019-01-24T20:08:02","modified_gmt":"2019-01-24T18:08:02","slug":"deutsch","status":"publish","type":"page","link":"https:\/\/abendgymnasium-braunschweig.de\/?page_id=85","title":{"rendered":"Deutsch"},"content":{"rendered":"<h1>DEUTSCH<\/h1>\n<h2>am Abendgymnasium Braunschweig<\/h2>\n<hr>\n<p>In allen Klassen- und Kursstufen steht im Fach Deutsch die Kommunikation im Vordergrund. In Diskussionen an Hand von Texten verschiedenster Art oder der Er\u00f6rterung von Problemen wird die Kommunikationsf\u00e4higkeit gef\u00f6rdert und verbessert. Aber auch Grammatikkenntnisse werden gezielt in der Einf\u00fchrungsphase aufgefrischt und erweitert. Wichtig ist dies besonders im Hinblick auf den Fremdsprachenunterricht und die dort vermittelten grammatischen Strukturen.<\/p>\n<p>Wesentlicher Bestandteil des Deutschunterrichts ist aber die Auseinandersetzung mit Literatur aus verschiedenen Epochen. Literatur als Abbild der Gesellschaft zeigt nicht nur den Sprachwandel im Laufe der Jahrhunderte auf, sondern zeigt uns heute, womit sich Literaten und Leser vergangener und gegenw\u00e4rtiger Zeiten besch\u00e4ftigen. Manches erscheint uns dabei als spezielles Anliegen der Entstehungszeit, vieles erstaunt uns, weil bestimmte Themen ihre Aktualit\u00e4t nicht verloren haben.<\/p>\n<p>Der Deutschunterricht wird begleitet von Theaterbesuchen, die im Unterricht vorbereitet werden und oftmals durch Gespr\u00e4che mit Dramaturgen des Theaters vertieft werden.<\/p>\n<p><b><span style=\"text-decoration:underline\">Vorkurs<\/span><\/b><\/p>\n<p>Im Vorkurs werden die Grundfertigkeiten in Grammatik, neuer Rechtschreibung, Textwiedergabe und Textinterpretation vermittelt.<\/p>\n<p><b><span style=\"text-decoration:underline\">Einf\u00fchrungsphase<\/span><\/b><\/p>\n<p>Die Einf\u00fchrungsphase dient ebenfalls der Auffrischung und Vertiefung von<br \/>\nGrundkenntnissen und -fertigkeiten. Grammatik, Textwiedergabe von<br \/>\nliterarischen und pragmatischen Texten (Sachtexten) sowie deren Interpretation bzw. Analyse stehen im Mittelpunkt des Unterrichts. Verschiedene Textgattungen wie kurze Prosatexte (Kurzgeschichten, Fabeln, Parabeln &#8230;), Gedichte, ein Roman und ein Drama werden behandelt. Weiterhin setzt man sich mit den Grundbegriffen der Kommunikationstheorie<br \/>\nauseinander. Ein weiteres Unterrichtsgebiet sind Er\u00f6rterungen.<\/p>\n<p>Braunschweig Kolleg und Abendgymnasium haben den <b>Reader zu Arbeitstechniken im Deutschunterricht<\/b> herausgegeben. Er wird in gedruckter Form und als pdf-Datei zur Verf\u00fcgung gestellt:<\/p>\n<p><a href=\"http:\/\/abendgymnasium-braunschweig.de\/wp-content\/uploads\/2014\/10\/Kollegreader-Deutsch-2011_Teil-1.pdf\" target=\"_blank\">Kollegreader Deutsch 2011_Teil 1<\/a><\/p>\n<p><a href=\"http:\/\/abendgymnasium-braunschweig.de\/wp-content\/uploads\/2014\/10\/Kollegreader-Deutsch-2011_Teil-2.pdf\" target=\"_blank\">Kollegreader Deutsch 2011_Teil 2<\/a><\/p>\n<p><b><span style=\"text-decoration:underline\">Qualifikationsphase<\/span><\/b><\/p>\n<p>In der Qualifikationsphase wird Deutsch mit vier Schulstuden pro Woche unterrichtet und kann entweder als P5-Fach mit m\u00fcndlicher Abiturpr\u00fcfung \u00fcber vier Schulhalbjahre oder als schriftliches Pr\u00fcfungsfach mit grundlegenden oder erh\u00f6hten Anforderungen \u00fcber vier Schulhalbjahre belegt werden. Die Wahl der Semesterthemen wird durch die vom Kultusministerium im Hinblick auf die zentrale Abiturpr\u00fcfung festgelegten obligatorischen Materialien sowie die im <a href=\"http:\/\/db2.nibis.de\/1db\/cuvo\/datei\/de_gym_go_kc_2016.pdf\" target=\"new\">Kerncurriculum Deutsch<\/a> angegebenen Themenfelder bestimmt.<\/p>\n<p>Fachbezogene Hinweise f\u00fcr das Zentralabitur Deutsch: <a href=\"http:\/\/www.nibis.de\/uploads\/1heihoke\/curricula\/2019\/01DeutschHinweise2019_20170619.pdf\" target=\"new\">2019<\/a> <a href=\"http:\/\/www.nibis.de\/uploads\/1gohrgs\/za2020\/01DeutschHinweise2020.pdf\" target=\"new\">2020<\/a> <a href=\"http:\/\/www.nibis.de\/uploads\/1gohrgs\/za2021\/01DeutschHinweise2021.pdf\" target=\"new\">2021<\/a><\/p>\n","protected":false},"excerpt":{"rendered":"<p>DEUTSCH am Abendgymnasium Braunschweig In allen Klassen- und Kursstufen steht im Fach Deutsch die Kommunikation im Vordergrund. In Diskussionen an Hand von Texten verschiedenster Art oder der Er\u00f6rterung von Problemen wird die Kommunikationsf\u00e4higkeit gef\u00f6rdert und verbessert. Aber auch Grammatikkenntnisse werden gezielt in der Einf\u00fchrungsphase aufgefrischt und erweitert. Wichtig ist dies besonders im Hinblick auf den [&hellip;]<\/p>\n","protected":false},"author":1,"featured_media":0,"parent":37,"menu_order":411,"comment_status":"open","ping_status":"open","template":"","meta":{"footnotes":""},"_links":{"self":[{"href":"https:\/\/abendgymnasium-braunschweig.de\/index.php?rest_route=\/wp\/v2\/pages\/85"}],"collection":[{"href":"https:\/\/abendgymnasium-braunschweig.de\/index.php?rest_route=\/wp\/v2\/pages"}],"about":[{"href":"https:\/\/abendgymnasium-braunschweig.de\/index.php?rest_route=\/wp\/v2\/types\/page"}],"author":[{"embeddable":true,"href":"https:\/\/abendgymnasium-braunschweig.de\/index.php?rest_route=\/wp\/v2\/users\/1"}],"replies":[{"embeddable":true,"href":"https:\/\/abendgymnasium-braunschweig.de\/index.php?rest_route=%2Fwp%2Fv2%2Fcomments&post=85"}],"version-history":[{"count":17,"href":"https:\/\/abendgymnasium-braunschweig.de\/index.php?rest_route=\/wp\/v2\/pages\/85\/revisions"}],"predecessor-version":[{"id":1703,"href":"https:\/\/abendgymnasium-braunschweig.de\/index.php?rest_route=\/wp\/v2\/pages\/85\/revisions\/1703"}],"up":[{"embeddable":true,"href":"https:\/\/abendgymnasium-braunschweig.de\/index.php?rest_route=\/wp\/v2\/pages\/37"}],"wp:attachment":[{"href":"https:\/\/abendgymnasium-braunschweig.de\/index.php?rest_route=%2Fwp%2Fv2%2Fmedia&parent=85"}],"curies":[{"name":"wp","href":"https:\/\/api.w.org\/{rel}","templated":true}]}}