{"id":83,"date":"2014-02-04T15:31:27","date_gmt":"2014-02-04T13:31:27","guid":{"rendered":"http:\/\/bsk.maennchen1.de\/?page_id=83"},"modified":"2016-09-29T19:54:09","modified_gmt":"2016-09-29T17:54:09","slug":"abitur","status":"publish","type":"page","link":"https:\/\/abendgymnasium-braunschweig.de\/?page_id=83","title":{"rendered":"Abitur"},"content":{"rendered":"<p>Die allgemeine Hochschulreife (<strong>Abitur<\/strong>) wird durch den Nachweis bestimmter Leistungen in den vier Kurshalbjahren der Qualifikationsphase sowie in der Abiturpr\u00fcfung erworben.<\/p>\n<p>Bei der Abiturpr\u00fcfung wird in f\u00fcnf F\u00e4chern gepr\u00fcft. Dabei m\u00fcssen bestimmte Auflagen erf\u00fcllt werden. Drei dieser F\u00e4cher haben ein erh\u00f6htes Anforderungsniveau. Die Pr\u00fcfungsf\u00e4cher m\u00fcssen schon in der Einf\u00fchrungsphase mindestens ein halbes Jahr belegt worden sein.<\/p>\n<p>Die drei F\u00e4cher mit erh\u00f6htem Anforderungsniveau (P1 &#8211; P3) werden schriftlich und ggf. auch m\u00fcndlich gepr\u00fcft. Auf grundlegendem Anforderungsniveau kann im vierten Pr\u00fcfungsfach (P4) ebenfalls schriftlich gepr\u00fcft werden oder es wird stattdessen eine schriftliche Arbeit eingereicht (Zeitraum 1 Schuljahr), zu der auch eine m\u00fcndliche Pr\u00fcfung geh\u00f6rt. Im f\u00fcnften Pr\u00fcfungsfach wird nur m\u00fcndlich gepr\u00fcft.<\/p>\n","protected":false},"excerpt":{"rendered":"<p>Die allgemeine Hochschulreife (Abitur) wird durch den Nachweis bestimmter Leistungen in den vier Kurshalbjahren der Qualifikationsphase sowie in der Abiturpr\u00fcfung erworben. Bei der Abiturpr\u00fcfung wird in f\u00fcnf F\u00e4chern gepr\u00fcft. Dabei m\u00fcssen bestimmte Auflagen erf\u00fcllt werden. Drei dieser F\u00e4cher haben ein erh\u00f6htes Anforderungsniveau. Die Pr\u00fcfungsf\u00e4cher m\u00fcssen schon in der Einf\u00fchrungsphase mindestens ein halbes Jahr belegt worden [&hellip;]<\/p>\n","protected":false},"author":1,"featured_media":0,"parent":31,"menu_order":335,"comment_status":"open","ping_status":"open","template":"","meta":{"footnotes":""},"_links":{"self":[{"href":"https:\/\/abendgymnasium-braunschweig.de\/index.php?rest_route=\/wp\/v2\/pages\/83"}],"collection":[{"href":"https:\/\/abendgymnasium-braunschweig.de\/index.php?rest_route=\/wp\/v2\/pages"}],"about":[{"href":"https:\/\/abendgymnasium-braunschweig.de\/index.php?rest_route=\/wp\/v2\/types\/page"}],"author":[{"embeddable":true,"href":"https:\/\/abendgymnasium-braunschweig.de\/index.php?rest_route=\/wp\/v2\/users\/1"}],"replies":[{"embeddable":true,"href":"https:\/\/abendgymnasium-braunschweig.de\/index.php?rest_route=%2Fwp%2Fv2%2Fcomments&post=83"}],"version-history":[{"count":2,"href":"https:\/\/abendgymnasium-braunschweig.de\/index.php?rest_route=\/wp\/v2\/pages\/83\/revisions"}],"predecessor-version":[{"id":1077,"href":"https:\/\/abendgymnasium-braunschweig.de\/index.php?rest_route=\/wp\/v2\/pages\/83\/revisions\/1077"}],"up":[{"embeddable":true,"href":"https:\/\/abendgymnasium-braunschweig.de\/index.php?rest_route=\/wp\/v2\/pages\/31"}],"wp:attachment":[{"href":"https:\/\/abendgymnasium-braunschweig.de\/index.php?rest_route=%2Fwp%2Fv2%2Fmedia&parent=83"}],"curies":[{"name":"wp","href":"https:\/\/api.w.org\/{rel}","templated":true}]}}