{"id":77,"date":"2014-02-04T15:30:11","date_gmt":"2014-02-04T13:30:11","guid":{"rendered":"http:\/\/bsk.maennchen1.de\/?page_id=77"},"modified":"2019-01-23T20:33:43","modified_gmt":"2019-01-23T18:33:43","slug":"einfuehrungsphase","status":"publish","type":"page","link":"https:\/\/abendgymnasium-braunschweig.de\/?page_id=77","title":{"rendered":"Einf\u00fchrungsphase"},"content":{"rendered":"<p>In der <strong>Einf\u00fchrungsphase<\/strong> m\u00fcssen die F\u00e4cher Deutsch, die Fremdsprachen (s. u.) und Mathematik belegt werden. Hinzu kommt eines der F\u00e4cher Geschichte oder Erdkunde und eines der F\u00e4cher Physik, Chemie oder Biologie. Je nach M\u00f6glichkeiten und Nachfrage werden auch noch weitere F\u00e4cher wie Psychologie und Informatik angeboten, an denen man freiwillig teilnehmen kann. Arbeitsgemeinschaften und jahrgangs\u00fcbergreifende Projektkurse erg\u00e4nzen dieses Spektrum.<\/p>\n<p><strong>Fremdsprachenverpflichtung<\/strong><\/p>\n<p>Wer bei der Aufnahme in die Einf\u00fchrungsphase Kenntnisse in einer ersten Fremdsprache nachweist, die mindestens dem Sekundarabschlusses I &#8211; Hauptschulabschluss entsprechen (Kl. 5-9), sowie Kenntnisse in einer zweiten Fremdsprache nachweist, die einem vierj\u00e4hrigen aufsteigenden Unterricht entsprechen (z.B. Kl. 7-10 \u00a0oder 6-9) und am Ende des letzten Schuljahres mit mindestens \u201eausreichend\u201c bewertet worden sind, muss an nur einer der Fremdsprachen Englisch, Franz\u00f6sisch oder Latein*) durchgehend teilnehmen.<\/p>\n<p>Wer <strong>keine ausreichenden Kenntnisse in einer zweiten Fremdsprache<\/strong> nachweist, kann die <strong>Verpflichtung<\/strong> zur zweiten Fremdsprache nachtr\u00e4glich folgenderma\u00dfen <strong>erf\u00fcllen<\/strong>:<\/p>\n<p>a) <span lang=\"de-DE\">Bei <\/span>Hauptschulabschluss oder einem gleichwertigen Abschluss:<\/p>\n<p>Teilnahme am Unterricht ein halbes Jahr im Vorkurs und ein Schuljahr in der Einf\u00fchrungsphase. In der Einf\u00fchrungsphase m\u00fcssen mindestens ausreichende Leistungen erreicht werden.<\/p>\n<p>b) Bei Realschulabschluss oder einem gleichwertigen Abschluss:<\/p>\n<p>Teilnahme am Unterricht in der Einf\u00fchrungsphase und im ersten Schuljahr der Qualifikationsphase. In den letzten beiden Schulhalbjahren m\u00fcssen dabei zusammen mindestens 10 Punkte, im letzten Schulhalbjahr mindestens 05 Punkte erreicht werden.<\/p>\n<p>c) Durchgehende Teilnahme am Unterricht in der Einf\u00fchrungsphase und der gesamten Qualifikationsphase. In keinem Schulhalbjahr darf mit 00 Punkten abgeschlossen werden.<\/p>\n<p>Wer vor dem Eintritt in das Abendgymnasium noch keine ausreichenden Kenntnisse in der ersten Fremdsprache hat, muss im Vorkurs, in der Einf\u00fchrungsphase und in der Qualifikationsphase durchgehend am Unterricht in Englisch teilnehmen (kein Kurs mit 00 Punkten).<\/p>\n<p>Wer vor Aufnahme in das Abendgymnasium eine ausl\u00e4ndische Schule besucht hat, kann die Verpflichtung zu den Fremdsprachen m\u00f6glicherweise auch in abweichender Weise erf\u00fcllen (z. B. Muttersprachenregelung; R\u00fccksprache mit der Schulleitung).<\/p>\n<p><span style=\"font-size: 10pt;\">*) Die Einrichtung der Lateinkurse h\u00e4ngt von der Nachfrage ab.<\/span><\/p>\n","protected":false},"excerpt":{"rendered":"<p>In der Einf\u00fchrungsphase m\u00fcssen die F\u00e4cher Deutsch, die Fremdsprachen (s. u.) und Mathematik belegt werden. Hinzu kommt eines der F\u00e4cher Geschichte oder Erdkunde und eines der F\u00e4cher Physik, Chemie oder Biologie. Je nach M\u00f6glichkeiten und Nachfrage werden auch noch weitere F\u00e4cher wie Psychologie und Informatik angeboten, an denen man freiwillig teilnehmen kann. Arbeitsgemeinschaften und jahrgangs\u00fcbergreifende [&hellip;]<\/p>\n","protected":false},"author":1,"featured_media":0,"parent":31,"menu_order":332,"comment_status":"open","ping_status":"open","template":"","meta":{"footnotes":""},"_links":{"self":[{"href":"https:\/\/abendgymnasium-braunschweig.de\/index.php?rest_route=\/wp\/v2\/pages\/77"}],"collection":[{"href":"https:\/\/abendgymnasium-braunschweig.de\/index.php?rest_route=\/wp\/v2\/pages"}],"about":[{"href":"https:\/\/abendgymnasium-braunschweig.de\/index.php?rest_route=\/wp\/v2\/types\/page"}],"author":[{"embeddable":true,"href":"https:\/\/abendgymnasium-braunschweig.de\/index.php?rest_route=\/wp\/v2\/users\/1"}],"replies":[{"embeddable":true,"href":"https:\/\/abendgymnasium-braunschweig.de\/index.php?rest_route=%2Fwp%2Fv2%2Fcomments&post=77"}],"version-history":[{"count":13,"href":"https:\/\/abendgymnasium-braunschweig.de\/index.php?rest_route=\/wp\/v2\/pages\/77\/revisions"}],"predecessor-version":[{"id":1600,"href":"https:\/\/abendgymnasium-braunschweig.de\/index.php?rest_route=\/wp\/v2\/pages\/77\/revisions\/1600"}],"up":[{"embeddable":true,"href":"https:\/\/abendgymnasium-braunschweig.de\/index.php?rest_route=\/wp\/v2\/pages\/31"}],"wp:attachment":[{"href":"https:\/\/abendgymnasium-braunschweig.de\/index.php?rest_route=%2Fwp%2Fv2%2Fmedia&parent=77"}],"curies":[{"name":"wp","href":"https:\/\/api.w.org\/{rel}","templated":true}]}}