{"id":69,"date":"2014-02-04T15:27:38","date_gmt":"2014-02-04T13:27:38","guid":{"rendered":"http:\/\/bsk.maennchen1.de\/?page_id=69"},"modified":"2016-09-24T17:46:02","modified_gmt":"2016-09-24T15:46:02","slug":"freunde-des-bs-kollegs-e-v","status":"publish","type":"page","link":"https:\/\/abendgymnasium-braunschweig.de\/?page_id=69","title":{"rendered":"F\u00f6rderverein"},"content":{"rendered":"<h1>F\u00f6rderverein<\/h1>\n<h2>des Abendgymnasiums Braunschweig e.V.<\/h2>\n<p>Ziel des Vereins soll es sein, die Verbindung der Studierenden, ehemaligen Studierenden, Lehrerinnen und Lehrern, ehemaligen Lehrerinnen und Lehrern untereinander und mit der Schule durch Zusammenk\u00fcnfte, Veranstaltungen, Ausfl\u00fcge u. a. aufrecht zu erhalten.<\/p>\n<p>Dar\u00fcber hinaus unterst\u00fctzt der Verein die Schule und f\u00f6rdert schulische Veranstaltungen.<\/p>\n<p><b><span style=\"color: #0000ff;\">Kontakt zum Vorstand:<\/span><\/b> <a href=\"mailto:matthias.schurr@bsk-agy.de\">matthias.schurr@bsk-agy.de<\/p>\n<p><a href=\"http:\/\/abendgymnasium-braunschweig.de\/wp-content\/uploads\/2014\/11\/Satzung.pdf\" target=\"_blank\">Vereins-Satzung<\/a> (pdf)<\/p>\n<p><a href=\"http:\/\/abendgymnasium-braunschweig.de\/wp-content\/uploads\/2015\/03\/Beitrittserkl\u00e4rung.pdf\" target=\"_blank\">Beitrittsformular<\/a>\u00a0(pdf)<\/p>\n","protected":false},"excerpt":{"rendered":"<p>F\u00f6rderverein des Abendgymnasiums Braunschweig e.V. Ziel des Vereins soll es sein, die Verbindung der Studierenden, ehemaligen Studierenden, Lehrerinnen und Lehrern, ehemaligen Lehrerinnen und Lehrern untereinander und mit der Schule durch Zusammenk\u00fcnfte, Veranstaltungen, Ausfl\u00fcge u. a. aufrecht zu erhalten. Dar\u00fcber hinaus unterst\u00fctzt der Verein die Schule und f\u00f6rdert schulische Veranstaltungen. Kontakt zum Vorstand: matthias.schurr@bsk-agy.de Vereins-Satzung (pdf) [&hellip;]<\/p>\n","protected":false},"author":1,"featured_media":0,"parent":21,"menu_order":217,"comment_status":"open","ping_status":"open","template":"","meta":{"footnotes":""},"_links":{"self":[{"href":"https:\/\/abendgymnasium-braunschweig.de\/index.php?rest_route=\/wp\/v2\/pages\/69"}],"collection":[{"href":"https:\/\/abendgymnasium-braunschweig.de\/index.php?rest_route=\/wp\/v2\/pages"}],"about":[{"href":"https:\/\/abendgymnasium-braunschweig.de\/index.php?rest_route=\/wp\/v2\/types\/page"}],"author":[{"embeddable":true,"href":"https:\/\/abendgymnasium-braunschweig.de\/index.php?rest_route=\/wp\/v2\/users\/1"}],"replies":[{"embeddable":true,"href":"https:\/\/abendgymnasium-braunschweig.de\/index.php?rest_route=%2Fwp%2Fv2%2Fcomments&post=69"}],"version-history":[{"count":16,"href":"https:\/\/abendgymnasium-braunschweig.de\/index.php?rest_route=\/wp\/v2\/pages\/69\/revisions"}],"predecessor-version":[{"id":999,"href":"https:\/\/abendgymnasium-braunschweig.de\/index.php?rest_route=\/wp\/v2\/pages\/69\/revisions\/999"}],"up":[{"embeddable":true,"href":"https:\/\/abendgymnasium-braunschweig.de\/index.php?rest_route=\/wp\/v2\/pages\/21"}],"wp:attachment":[{"href":"https:\/\/abendgymnasium-braunschweig.de\/index.php?rest_route=%2Fwp%2Fv2%2Fmedia&parent=69"}],"curies":[{"name":"wp","href":"https:\/\/api.w.org\/{rel}","templated":true}]}}