{"id":59,"date":"2014-02-04T15:23:10","date_gmt":"2014-02-04T13:23:10","guid":{"rendered":"http:\/\/bsk.maennchen1.de\/?page_id=59"},"modified":"2016-09-24T21:54:16","modified_gmt":"2016-09-24T19:54:16","slug":"schulvorstand","status":"publish","type":"page","link":"https:\/\/abendgymnasium-braunschweig.de\/?page_id=59","title":{"rendered":"Schulvorstand"},"content":{"rendered":"<h2>Der Schulvorstand und seine Aufgaben<\/h2>\n<p>Im Schulvorstand wirken der Schulleiter, Vertreter der Lehrkr\u00e4fte sowie Vertreter der Studierenden zusammen, um die Arbeit der Schule mit dem Ziel der Qualit\u00e4tsentwicklung zu gestalten.<\/p>\n<p>Der Schulvorstand besteht je zur H\u00e4lfte aus Lehrkr\u00e4ften und Studierenden.<\/p>\n<p>Der Schulvorstand entscheidet u. a. \u00fcber<\/p>\n<ul>\n<li>die Inanspruchnahme von Entscheidungsspielr\u00e4umen im Rahmen der Eigenverantwortlichkeit der Schule<\/li>\n<li>den Plan \u00fcber die Verwendung von Haushaltsmitteln<\/li>\n<li>die Zusammenarbeit mit anderen Schulen<\/li>\n<li>Vorschl\u00e4ge zur Besetzung der Stelle des Schulleiters, des st\u00e4ndigen Vertreters sowie andere Bef\u00f6rderungsstellen<\/li>\n<li>die Ausgestaltung der Stundentafel<\/li>\n<li>Schulpartnerschaften<\/li>\n<li>Grunds\u00e4tze f\u00fcr\n<ul>\n<li>die Durchf\u00fchrung von Projektwochen<\/li>\n<li>die Werbung und das Sponsoring in der Schule<\/li>\n<li>die j\u00e4hrliche \u00dcberpr\u00fcfung der Arbeit der Schule nach \u00a7 32 Abs. 3 NSchG (Evaluation und Verbesserungsma\u00dfnahmen).<\/li>\n<\/ul>\n<\/li>\n<\/ul>\n<p>Weitere Details zum Schulvorstand finden Sie in den Paragraphen 38a-c des Nieders\u00e4chsischen Schulgesetzes.<\/p>\n","protected":false},"excerpt":{"rendered":"<p>Der Schulvorstand und seine Aufgaben Im Schulvorstand wirken der Schulleiter, Vertreter der Lehrkr\u00e4fte sowie Vertreter der Studierenden zusammen, um die Arbeit der Schule mit dem Ziel der Qualit\u00e4tsentwicklung zu gestalten. Der Schulvorstand besteht je zur H\u00e4lfte aus Lehrkr\u00e4ften und Studierenden. Der Schulvorstand entscheidet u. a. \u00fcber die Inanspruchnahme von Entscheidungsspielr\u00e4umen im Rahmen der Eigenverantwortlichkeit der [&hellip;]<\/p>\n","protected":false},"author":1,"featured_media":0,"parent":21,"menu_order":212,"comment_status":"open","ping_status":"open","template":"","meta":{"footnotes":""},"_links":{"self":[{"href":"https:\/\/abendgymnasium-braunschweig.de\/index.php?rest_route=\/wp\/v2\/pages\/59"}],"collection":[{"href":"https:\/\/abendgymnasium-braunschweig.de\/index.php?rest_route=\/wp\/v2\/pages"}],"about":[{"href":"https:\/\/abendgymnasium-braunschweig.de\/index.php?rest_route=\/wp\/v2\/types\/page"}],"author":[{"embeddable":true,"href":"https:\/\/abendgymnasium-braunschweig.de\/index.php?rest_route=\/wp\/v2\/users\/1"}],"replies":[{"embeddable":true,"href":"https:\/\/abendgymnasium-braunschweig.de\/index.php?rest_route=%2Fwp%2Fv2%2Fcomments&post=59"}],"version-history":[{"count":3,"href":"https:\/\/abendgymnasium-braunschweig.de\/index.php?rest_route=\/wp\/v2\/pages\/59\/revisions"}],"predecessor-version":[{"id":1037,"href":"https:\/\/abendgymnasium-braunschweig.de\/index.php?rest_route=\/wp\/v2\/pages\/59\/revisions\/1037"}],"up":[{"embeddable":true,"href":"https:\/\/abendgymnasium-braunschweig.de\/index.php?rest_route=\/wp\/v2\/pages\/21"}],"wp:attachment":[{"href":"https:\/\/abendgymnasium-braunschweig.de\/index.php?rest_route=%2Fwp%2Fv2%2Fmedia&parent=59"}],"curies":[{"name":"wp","href":"https:\/\/api.w.org\/{rel}","templated":true}]}}