{"id":5,"date":"2014-02-04T15:02:55","date_gmt":"2014-02-04T13:02:55","guid":{"rendered":"http:\/\/bsk.maennchen1.de\/?page_id=5"},"modified":"2016-09-24T17:20:45","modified_gmt":"2016-09-24T15:20:45","slug":"das-kolleg","status":"publish","type":"page","link":"https:\/\/abendgymnasium-braunschweig.de\/?page_id=5","title":{"rendered":"Abendgymnasium"},"content":{"rendered":"<h1>Das Abendgymnasium<\/h1>\n<p>Das Abendgymnasium Braunschweig ist eine Schule f\u00fcr berufst\u00e4tige Erwachsene, an der Sie in zwei bis vier Jahren das Abitur erwerben k\u00f6nnen. Der Besuch der Schule ist schulgeldfrei.<\/p>\n","protected":false},"excerpt":{"rendered":"<p>Das Abendgymnasium Das Abendgymnasium Braunschweig ist eine Schule f\u00fcr berufst\u00e4tige Erwachsene, an der Sie in zwei bis vier Jahren das Abitur erwerben k\u00f6nnen. Der Besuch der Schule ist schulgeldfrei.<\/p>\n","protected":false},"author":1,"featured_media":0,"parent":0,"menu_order":10,"comment_status":"open","ping_status":"closed","template":"","meta":{"footnotes":""},"_links":{"self":[{"href":"https:\/\/abendgymnasium-braunschweig.de\/index.php?rest_route=\/wp\/v2\/pages\/5"}],"collection":[{"href":"https:\/\/abendgymnasium-braunschweig.de\/index.php?rest_route=\/wp\/v2\/pages"}],"about":[{"href":"https:\/\/abendgymnasium-braunschweig.de\/index.php?rest_route=\/wp\/v2\/types\/page"}],"author":[{"embeddable":true,"href":"https:\/\/abendgymnasium-braunschweig.de\/index.php?rest_route=\/wp\/v2\/users\/1"}],"replies":[{"embeddable":true,"href":"https:\/\/abendgymnasium-braunschweig.de\/index.php?rest_route=%2Fwp%2Fv2%2Fcomments&post=5"}],"version-history":[{"count":7,"href":"https:\/\/abendgymnasium-braunschweig.de\/index.php?rest_route=\/wp\/v2\/pages\/5\/revisions"}],"predecessor-version":[{"id":989,"href":"https:\/\/abendgymnasium-braunschweig.de\/index.php?rest_route=\/wp\/v2\/pages\/5\/revisions\/989"}],"wp:attachment":[{"href":"https:\/\/abendgymnasium-braunschweig.de\/index.php?rest_route=%2Fwp%2Fv2%2Fmedia&parent=5"}],"curies":[{"name":"wp","href":"https:\/\/api.w.org\/{rel}","templated":true}]}}