{"id":31,"date":"2014-02-04T15:13:28","date_gmt":"2014-02-04T13:13:28","guid":{"rendered":"http:\/\/bsk.maennchen1.de\/?page_id=31"},"modified":"2016-09-24T17:11:52","modified_gmt":"2016-09-24T15:11:52","slug":"weg-zum-abitur","status":"publish","type":"page","link":"https:\/\/abendgymnasium-braunschweig.de\/?page_id=31","title":{"rendered":"Weg zum Abitur"},"content":{"rendered":"<h1>Ausbildungsgang<\/h1>\n<p>Die Ausbildung bis zum Abitur setzt sich am Abendgymnasium f\u00fcr Teilnehmer mit dem Realschulabschluss (oder h\u00f6her) aus einer einj\u00e4hrigen <strong>Einf\u00fchrungsphase<\/strong> und einer zweij\u00e4hrigen <strong>Qualifikationsphase<\/strong> zusammen. Den schulischen Teil der Fachhochschulreife kann man schon nach dem Besuch des ersten\u00a0Jahres der Qualifikationsphase erwerben.<br \/>\nTeilnehmer mit der Fachhochschulreife oder der Versetzung in die Klasse 11 des Gymnasiums k\u00f6nnen unmittelbar in die Qualifikationsphase eintreten, wenn sie die Auflage zur zweiten Fremdsprache schon erf\u00fcllt haben.<br \/>\nBewerber mit dem Hauptschulabschluss m\u00fcssen zun\u00e4chst einen einj\u00e4hrigen <strong>Vorkurs<\/strong> absolvieren.<\/p>\n","protected":false},"excerpt":{"rendered":"<p>Ausbildungsgang Die Ausbildung bis zum Abitur setzt sich am Abendgymnasium f\u00fcr Teilnehmer mit dem Realschulabschluss (oder h\u00f6her) aus einer einj\u00e4hrigen Einf\u00fchrungsphase und einer zweij\u00e4hrigen Qualifikationsphase zusammen. Den schulischen Teil der Fachhochschulreife kann man schon nach dem Besuch des ersten\u00a0Jahres der Qualifikationsphase erwerben. Teilnehmer mit der Fachhochschulreife oder der Versetzung in die Klasse 11 des Gymnasiums [&hellip;]<\/p>\n","protected":false},"author":1,"featured_media":0,"parent":7,"menu_order":33,"comment_status":"open","ping_status":"open","template":"","meta":{"footnotes":""},"_links":{"self":[{"href":"https:\/\/abendgymnasium-braunschweig.de\/index.php?rest_route=\/wp\/v2\/pages\/31"}],"collection":[{"href":"https:\/\/abendgymnasium-braunschweig.de\/index.php?rest_route=\/wp\/v2\/pages"}],"about":[{"href":"https:\/\/abendgymnasium-braunschweig.de\/index.php?rest_route=\/wp\/v2\/types\/page"}],"author":[{"embeddable":true,"href":"https:\/\/abendgymnasium-braunschweig.de\/index.php?rest_route=\/wp\/v2\/users\/1"}],"replies":[{"embeddable":true,"href":"https:\/\/abendgymnasium-braunschweig.de\/index.php?rest_route=%2Fwp%2Fv2%2Fcomments&post=31"}],"version-history":[{"count":6,"href":"https:\/\/abendgymnasium-braunschweig.de\/index.php?rest_route=\/wp\/v2\/pages\/31\/revisions"}],"predecessor-version":[{"id":984,"href":"https:\/\/abendgymnasium-braunschweig.de\/index.php?rest_route=\/wp\/v2\/pages\/31\/revisions\/984"}],"up":[{"embeddable":true,"href":"https:\/\/abendgymnasium-braunschweig.de\/index.php?rest_route=\/wp\/v2\/pages\/7"}],"wp:attachment":[{"href":"https:\/\/abendgymnasium-braunschweig.de\/index.php?rest_route=%2Fwp%2Fv2%2Fmedia&parent=31"}],"curies":[{"name":"wp","href":"https:\/\/api.w.org\/{rel}","templated":true}]}}