{"id":29,"date":"2014-02-04T15:12:19","date_gmt":"2014-02-04T13:12:19","guid":{"rendered":"http:\/\/bsk.maennchen1.de\/?page_id=29"},"modified":"2026-02-23T18:32:09","modified_gmt":"2026-02-23T16:32:09","slug":"bewerbung","status":"publish","type":"page","link":"https:\/\/abendgymnasium-braunschweig.de\/?page_id=29","title":{"rendered":"Bewerbung"},"content":{"rendered":"<h1>Bewerbung und Anmeldung<\/h1>\n<p style=\"text-align: justify;\">Die Anmeldung f\u00fcr das kommende Schuljahr sollte bis Juni erfolgt sein. Wenn Sie sich bewerben m\u00f6chten, verwenden Sie unser <span style=\"font-size: 12pt; color: #339966;\"><a title=\"Anmeldeformular\" href=\"http:\/\/abendgymnasium-braunschweig.de\/wp-content\/uploads\/2026\/02\/Anmeldebogen_AGy-11.2024.pdf\" target=\"_blank\" rel=\"noopener noreferrer\"><span style=\"color: #339966;\">Anmeldeformular<\/span><\/a><\/span>. Sie finden dort auch alles, was Sie mit der Bewerbung einreichen m\u00fcssen.<\/p>\n","protected":false},"excerpt":{"rendered":"<p>Bewerbung und Anmeldung Die Anmeldung f\u00fcr das kommende Schuljahr sollte bis Juni erfolgt sein. Wenn Sie sich bewerben m\u00f6chten, verwenden Sie unser Anmeldeformular. Sie finden dort auch alles, was Sie mit der Bewerbung einreichen m\u00fcssen.<\/p>\n","protected":false},"author":1,"featured_media":0,"parent":7,"menu_order":32,"comment_status":"open","ping_status":"open","template":"","meta":{"footnotes":""},"_links":{"self":[{"href":"https:\/\/abendgymnasium-braunschweig.de\/index.php?rest_route=\/wp\/v2\/pages\/29"}],"collection":[{"href":"https:\/\/abendgymnasium-braunschweig.de\/index.php?rest_route=\/wp\/v2\/pages"}],"about":[{"href":"https:\/\/abendgymnasium-braunschweig.de\/index.php?rest_route=\/wp\/v2\/types\/page"}],"author":[{"embeddable":true,"href":"https:\/\/abendgymnasium-braunschweig.de\/index.php?rest_route=\/wp\/v2\/users\/1"}],"replies":[{"embeddable":true,"href":"https:\/\/abendgymnasium-braunschweig.de\/index.php?rest_route=%2Fwp%2Fv2%2Fcomments&post=29"}],"version-history":[{"count":24,"href":"https:\/\/abendgymnasium-braunschweig.de\/index.php?rest_route=\/wp\/v2\/pages\/29\/revisions"}],"predecessor-version":[{"id":2186,"href":"https:\/\/abendgymnasium-braunschweig.de\/index.php?rest_route=\/wp\/v2\/pages\/29\/revisions\/2186"}],"up":[{"embeddable":true,"href":"https:\/\/abendgymnasium-braunschweig.de\/index.php?rest_route=\/wp\/v2\/pages\/7"}],"wp:attachment":[{"href":"https:\/\/abendgymnasium-braunschweig.de\/index.php?rest_route=%2Fwp%2Fv2%2Fmedia&parent=29"}],"curies":[{"name":"wp","href":"https:\/\/api.w.org\/{rel}","templated":true}]}}