{"id":27,"date":"2014-02-04T15:11:56","date_gmt":"2014-02-04T13:11:56","guid":{"rendered":"http:\/\/bsk.maennchen1.de\/?page_id=27"},"modified":"2026-02-23T18:07:25","modified_gmt":"2026-02-23T16:07:25","slug":"zugangsvoraussetzungen","status":"publish","type":"page","link":"https:\/\/abendgymnasium-braunschweig.de\/?page_id=27","title":{"rendered":"Aufnahmevoraussetzungen"},"content":{"rendered":"<h1 style=\"text-align: justify;\">Aufnahmevoraussetzungen<\/h1>\n<h3 style=\"text-align: justify;\">Voraussetzungen f\u00fcr die Aufnahme sind<\/h3>\n<p style=\"text-align: justify;\">\n<ul style=\"text-align: justify;\">\n<li>ein <b>Mindestalter<\/b> von <b>19<\/b> Jahren am Endes des ersten Schulhalbjahres<\/li>\n<li>ein allgemeinbildender <b>Schulabschluss<\/b> (Sekundarabschluss I &#8211; <b>Realschulabschluss<\/b>, Erweiterter Sekundarabschluss I oder die Fachhochschulreife) oder der erfolgreiche Besuch des Vorkurses<\/li>\n<li>eine abgeschlossene <b>Berufsausbildung<\/b> oder eine mindestens <b>zweij\u00e4hrige Berufst\u00e4tigkeit<\/b>, wobei Wehrdienst, Zeiten der Arbeitslosigkeit etc. angerechnet werden k\u00f6nnen. Das F\u00fchren eines Familienhaushalts ist der Berufst\u00e4tigkeit gleichgestellt.<\/li>\n<\/ul>\n<p style=\"text-align: justify;\">Die Studierenden des Abendgymnasiums m\u00fcssen in der Einf\u00fchrungsphase und im ersten Halbjahr der Qualifikationsphase berufst\u00e4tig sein (oder anerkannt arbeitslos etc.). F\u00fcr die letzten drei Halbjahre der Qualifikationsphase wird auf Antrag eine Ausbildungsf\u00f6rderung nach dem BAf\u00f6G gew\u00e4hrt.<br \/>\n(Ausf\u00fchrliche Informationen zum BAF\u00d6G vom Bundesbildungsministerium: <a href=\"http:\/\/www.das-neue-bafoeg.de\" target=\"_blank\" rel=\"noopener\">www.das-neue-bafoeg.de<\/a>)<\/p>\n","protected":false},"excerpt":{"rendered":"<p>Aufnahmevoraussetzungen Voraussetzungen f\u00fcr die Aufnahme sind ein Mindestalter von 19 Jahren am Endes des ersten Schulhalbjahres ein allgemeinbildender Schulabschluss (Sekundarabschluss I &#8211; Realschulabschluss, Erweiterter Sekundarabschluss I oder die Fachhochschulreife) oder der erfolgreiche Besuch des Vorkurses eine abgeschlossene Berufsausbildung oder eine mindestens zweij\u00e4hrige Berufst\u00e4tigkeit, wobei Wehrdienst, Zeiten der Arbeitslosigkeit etc. angerechnet werden k\u00f6nnen. Das F\u00fchren eines [&hellip;]<\/p>\n","protected":false},"author":1,"featured_media":0,"parent":7,"menu_order":31,"comment_status":"open","ping_status":"open","template":"","meta":{"footnotes":""},"_links":{"self":[{"href":"https:\/\/abendgymnasium-braunschweig.de\/index.php?rest_route=\/wp\/v2\/pages\/27"}],"collection":[{"href":"https:\/\/abendgymnasium-braunschweig.de\/index.php?rest_route=\/wp\/v2\/pages"}],"about":[{"href":"https:\/\/abendgymnasium-braunschweig.de\/index.php?rest_route=\/wp\/v2\/types\/page"}],"author":[{"embeddable":true,"href":"https:\/\/abendgymnasium-braunschweig.de\/index.php?rest_route=\/wp\/v2\/users\/1"}],"replies":[{"embeddable":true,"href":"https:\/\/abendgymnasium-braunschweig.de\/index.php?rest_route=%2Fwp%2Fv2%2Fcomments&post=27"}],"version-history":[{"count":9,"href":"https:\/\/abendgymnasium-braunschweig.de\/index.php?rest_route=\/wp\/v2\/pages\/27\/revisions"}],"predecessor-version":[{"id":2185,"href":"https:\/\/abendgymnasium-braunschweig.de\/index.php?rest_route=\/wp\/v2\/pages\/27\/revisions\/2185"}],"up":[{"embeddable":true,"href":"https:\/\/abendgymnasium-braunschweig.de\/index.php?rest_route=\/wp\/v2\/pages\/7"}],"wp:attachment":[{"href":"https:\/\/abendgymnasium-braunschweig.de\/index.php?rest_route=%2Fwp%2Fv2%2Fmedia&parent=27"}],"curies":[{"name":"wp","href":"https:\/\/api.w.org\/{rel}","templated":true}]}}