{"id":13,"date":"2014-02-04T15:05:05","date_gmt":"2014-02-04T13:05:05","guid":{"rendered":"http:\/\/bsk.maennchen1.de\/?page_id=13"},"modified":"2024-09-14T14:04:06","modified_gmt":"2024-09-14T12:04:06","slug":"kontakt","status":"publish","type":"page","link":"https:\/\/abendgymnasium-braunschweig.de\/?page_id=13","title":{"rendered":"Kontakt"},"content":{"rendered":"<h1>Sekretariat<\/h1>\n<p>Sekret\u00e4rin: Frau Hatice Baykara<\/p>\n<p><img loading=\"lazy\" decoding=\"async\" src=\"http:\/\/abendgymnasium-braunschweig.de\/wp-content\/uploads\/2019\/01\/Foto-Baykara.jpg\" width=\"150\" height=\"200\" \/><\/p>\n<p>Telefon: 0531-12313920<\/p>\n<p>Telefax: 0531-12313950<\/p>\n<p>E-Mail: <a href=\"mailto:agy.braunschweig@bsk-agy.de\"><b>agy.braunschweig@bsk-agy.de<\/b><\/a><\/p>\n<p>Wenn Sie Fragen zum Besuch des\u00a0<a href=\"http:\/\/braunschweig-kolleg.de\/\">Braunschweig Kolleg<\/a> haben, wenden Sie sich bitte an <a href=\"http:\/\/braunschweig-kolleg.de\/?page_id=63\">Herrn Malte Jeske<\/a> (Sekret\u00e4r am Kolleg).<\/p>\n<p>Das B\u00fcro von Frau Baykara befindet sich im 1. Stock von Haus C<br \/>\n(das mittlere der kleinen f\u00fcnf H\u00e4user).<\/p>\n<p>Das Sekretariat des Abendgymnasiums hat folgende \u00d6ffnungszeiten:<\/p>\n<table>\n<tbody>\n<tr>\n<td style=\"padding-left: 40px;\">von Montag bis Donnerstag<\/td>\n<td style=\"padding-left: 40px;\">10:45 &#8211; 13:45 sowie 14:15 &#8211; 19:15<\/td>\n<\/tr>\n<tr>\n<td style=\"padding-left: 40px;\">Freitags<\/td>\n<td style=\"padding-left: 40px;\">10:45 &#8211; 13:45 sowie 14:15 &#8211; 19:00<\/td>\n<\/tr>\n<\/tbody>\n<\/table>\n<p>&nbsp;<\/p>\n<p>In den Ferien gelten besondere \u00d6ffnungszeiten, die mit dem Ferienbeginn bekanntgegeben werden und hier ver\u00f6ffentlicht werden.<\/p>\n","protected":false},"excerpt":{"rendered":"<p>Sekretariat Sekret\u00e4rin: Frau Hatice Baykara Telefon: 0531-12313920 Telefax: 0531-12313950 E-Mail: agy.braunschweig@bsk-agy.de Wenn Sie Fragen zum Besuch des\u00a0Braunschweig Kolleg haben, wenden Sie sich bitte an Herrn Malte Jeske (Sekret\u00e4r am Kolleg). Das B\u00fcro von Frau Baykara befindet sich im 1. Stock von Haus C (das mittlere der kleinen f\u00fcnf H\u00e4user). Das Sekretariat des Abendgymnasiums hat folgende [&hellip;]<\/p>\n","protected":false},"author":1,"featured_media":0,"parent":0,"menu_order":50,"comment_status":"open","ping_status":"closed","template":"","meta":{"footnotes":""},"_links":{"self":[{"href":"https:\/\/abendgymnasium-braunschweig.de\/index.php?rest_route=\/wp\/v2\/pages\/13"}],"collection":[{"href":"https:\/\/abendgymnasium-braunschweig.de\/index.php?rest_route=\/wp\/v2\/pages"}],"about":[{"href":"https:\/\/abendgymnasium-braunschweig.de\/index.php?rest_route=\/wp\/v2\/types\/page"}],"author":[{"embeddable":true,"href":"https:\/\/abendgymnasium-braunschweig.de\/index.php?rest_route=\/wp\/v2\/users\/1"}],"replies":[{"embeddable":true,"href":"https:\/\/abendgymnasium-braunschweig.de\/index.php?rest_route=%2Fwp%2Fv2%2Fcomments&post=13"}],"version-history":[{"count":21,"href":"https:\/\/abendgymnasium-braunschweig.de\/index.php?rest_route=\/wp\/v2\/pages\/13\/revisions"}],"predecessor-version":[{"id":2150,"href":"https:\/\/abendgymnasium-braunschweig.de\/index.php?rest_route=\/wp\/v2\/pages\/13\/revisions\/2150"}],"wp:attachment":[{"href":"https:\/\/abendgymnasium-braunschweig.de\/index.php?rest_route=%2Fwp%2Fv2%2Fmedia&parent=13"}],"curies":[{"name":"wp","href":"https:\/\/api.w.org\/{rel}","templated":true}]}}