{"id":120,"date":"2014-02-04T16:57:27","date_gmt":"2014-02-04T14:57:27","guid":{"rendered":"http:\/\/bsk.maennchen1.de\/?page_id=120"},"modified":"2019-01-24T18:52:41","modified_gmt":"2019-01-24T16:52:41","slug":"informatik","status":"publish","type":"page","link":"https:\/\/abendgymnasium-braunschweig.de\/?page_id=120","title":{"rendered":"Informatik"},"content":{"rendered":"<h1>\nInformatik<\/h1>\n<h2>am Abendgymnasium Braunschweig<\/h2>\n<hr width=\"100%\" \/>\n<p><a name=\"E-Phase\"><\/a><\/p>\n<h2>Informatik in der Einf\u00fchrungsphase.<\/h2>\n<p>Es werden, abh\u00e4ngig von verf\u00fcgbaren Lehrerstunden und der Zahl<br \/>\nder Interessenten, Arbeitsgemeinschaften angeboten.<br \/>\nDie Themen k\u00f6nnen weitgehend in der jeweiligen Gruppe vereinbart werden.<\/p>\n<h2>Informatik in der Qualifikationsphase.<\/h2>\n<p><b>Belegungsm\u00f6glichkeiten:<\/b><\/p>\n<p>1. Als P5-Fach \u00fcber vier Schulhalbjahre mit m\u00fcndlicher Abiturpr\u00fcfung<br \/>\noder<br \/>\n2. Als Erg\u00e4nzungsfach \u00fcber vier oder zwei Schulhalbjahre<\/p>\n<p>In jedem Fall umfasst der Unterricht zwei Wochenstunden.<br \/>\nDie Teilnahme an einer Informatik-AG in der Einf\u00fchrungsphase wird nicht<br \/>\nvorausgesetzt.<\/p>\n<table style=\"background-color: #bfffbf; border: 1px solid;\" width=\"70%\" cellspacing=\"1\" cellpadding=\"3\" bgcolor=\"#BFFFBF\">\n<colgroup>\n<col width=\"40\" \/>\n<col width=\"280\" \/> <\/colgroup>\n<tbody>\n<tr>\n<td style=\"border: 1px solid;\" align=\"center\">Semester<\/td>\n<td style=\"border: 1px solid; padding-left: 30px;\" align=\"left\">Kursthema<\/td>\n<\/tr>\n<tr>\n<td style=\"border: 1px solid;\" align=\"center\">1<\/td>\n<td style=\"border: 1px solid; padding-left: 10px;\" align=\"left\">Internet-Programmierung<\/td>\n<\/tr>\n<tr>\n<td style=\"border: 1px solid;\" align=\"center\">2<\/td>\n<td style=\"border: 1px solid; padding-left: 10px;\" align=\"left\">Tabellenkalkulation<\/td>\n<\/tr>\n<tr>\n<td style=\"border: 1px solid;\" align=\"center\">3<\/td>\n<td style=\"border: 1px solid; padding-left: 10px;\" align=\"left\">Einf\u00fchrung in die Programmiersprache C++<\/td>\n<\/tr>\n<tr>\n<td style=\"border: 1px solid;\" align=\"center\">4<\/td>\n<td style=\"border: 1px solid; padding-left: 10px;\" align=\"left\">Programmiersprache C++<\/td>\n<\/tr>\n<\/tbody>\n<\/table>\n<hr width=\"100%\" \/>\n","protected":false},"excerpt":{"rendered":"<p>Informatik am Abendgymnasium Braunschweig Informatik in der Einf\u00fchrungsphase. Es werden, abh\u00e4ngig von verf\u00fcgbaren Lehrerstunden und der Zahl der Interessenten, Arbeitsgemeinschaften angeboten. Die Themen k\u00f6nnen weitgehend in der jeweiligen Gruppe vereinbart werden. Informatik in der Qualifikationsphase. Belegungsm\u00f6glichkeiten: 1. Als P5-Fach \u00fcber vier Schulhalbjahre mit m\u00fcndlicher Abiturpr\u00fcfung oder 2. Als Erg\u00e4nzungsfach \u00fcber vier oder zwei Schulhalbjahre In [&hellip;]<\/p>\n","protected":false},"author":1,"featured_media":0,"parent":41,"menu_order":435,"comment_status":"open","ping_status":"open","template":"","meta":{"footnotes":""},"_links":{"self":[{"href":"https:\/\/abendgymnasium-braunschweig.de\/index.php?rest_route=\/wp\/v2\/pages\/120"}],"collection":[{"href":"https:\/\/abendgymnasium-braunschweig.de\/index.php?rest_route=\/wp\/v2\/pages"}],"about":[{"href":"https:\/\/abendgymnasium-braunschweig.de\/index.php?rest_route=\/wp\/v2\/types\/page"}],"author":[{"embeddable":true,"href":"https:\/\/abendgymnasium-braunschweig.de\/index.php?rest_route=\/wp\/v2\/users\/1"}],"replies":[{"embeddable":true,"href":"https:\/\/abendgymnasium-braunschweig.de\/index.php?rest_route=%2Fwp%2Fv2%2Fcomments&post=120"}],"version-history":[{"count":20,"href":"https:\/\/abendgymnasium-braunschweig.de\/index.php?rest_route=\/wp\/v2\/pages\/120\/revisions"}],"predecessor-version":[{"id":1654,"href":"https:\/\/abendgymnasium-braunschweig.de\/index.php?rest_route=\/wp\/v2\/pages\/120\/revisions\/1654"}],"up":[{"embeddable":true,"href":"https:\/\/abendgymnasium-braunschweig.de\/index.php?rest_route=\/wp\/v2\/pages\/41"}],"wp:attachment":[{"href":"https:\/\/abendgymnasium-braunschweig.de\/index.php?rest_route=%2Fwp%2Fv2%2Fmedia&parent=120"}],"curies":[{"name":"wp","href":"https:\/\/api.w.org\/{rel}","templated":true}]}}