{"id":1164,"date":"2017-02-16T22:21:29","date_gmt":"2017-02-16T20:21:29","guid":{"rendered":"http:\/\/abendgymnasium-braunschweig.de\/?page_id=1164"},"modified":"2026-02-23T18:05:26","modified_gmt":"2026-02-23T16:05:26","slug":"abitur-online","status":"publish","type":"page","link":"https:\/\/abendgymnasium-braunschweig.de\/?page_id=1164","title":{"rendered":"Abitur Online"},"content":{"rendered":"<h3>Abendgymnasium Braunschweig<\/h3>\n<p><img loading=\"lazy\" decoding=\"async\" class=\"alignnone size-medium wp-image-1165\" src=\"http:\/\/abendgymnasium-braunschweig.de\/wp-content\/uploads\/2017\/02\/Logo_Abi_Online-300x51.jpg\" alt=\"\" width=\"300\" height=\"51\" srcset=\"https:\/\/abendgymnasium-braunschweig.de\/wp-content\/uploads\/2017\/02\/Logo_Abi_Online-300x51.jpg 300w, https:\/\/abendgymnasium-braunschweig.de\/wp-content\/uploads\/2017\/02\/Logo_Abi_Online-250x43.jpg 250w, https:\/\/abendgymnasium-braunschweig.de\/wp-content\/uploads\/2017\/02\/Logo_Abi_Online.jpg 334w\" sizes=\"(max-width: 300px) 100vw, 300px\" \/><\/p>\n<h2>Online zum Abitur<\/h2>\n<p style=\"text-align: justify;\">Im kommenden Schuljahr richten wir in der Einf\u00fchrungsphase eine Klasse ein, in der Sie \u201eonline\u201c zum Abitur gef\u00fchrt werden. In dieser besonderen Lerngruppe wird der abendliche Pr\u00e4senzunterricht mit einem internetgest\u00fctzten Selbststudium verbunden. Die Unterrichtsinhalte sind dieselben wie im klassischen abendgymnasialen Unterricht.<br \/>\nEtwa die H\u00e4lfte der normalerweise zu belegenden 22 Unterrichtswochenstunden findet in Selbstlernphasen am heimischen Arbeitsplatz statt. Dadurch reduziert sich die Anwesenheit in der Schule f\u00fcr die Teilnehmenden auf maximal drei Abende mit elf bis zw\u00f6lf Unterrichtsstunden pro Woche.<br \/>\nIn der Distanzphase lernen Sie zu Hause mithilfe einer internetgest\u00fctzten Lernplattform, auf der die Kursmaterialien bereitgestellt werden. Diese Selbstlernphasen werden durch die jeweiligen Fachlehrkr\u00e4fte \u00fcber das Internet betreut. Hausaufgaben und andere erarbeitete Themen werden zu vorgegeben Terminen \u00fcber die Lernplattform abgegeben. Die Plattform bietet au\u00dferdem Kommunikations- und Arbeitsm\u00f6glichkeiten f\u00fcr die jeweiligen Lerngruppen. Klausuren werden ausschlie\u00dflich w\u00e4hrend der Pr\u00e4senzphasen geschrieben.<\/p>\n<h2 style=\"text-align: justify;\"><strong>Ihre Vorteile<\/strong><\/h2>\n<ul style=\"text-align: justify;\">\n<li style=\"text-align: left;\"><strong>H\u00f6here zeitliche Flexibilit\u00e4t <\/strong><\/li>\n<\/ul>\n<p style=\"text-align: justify;\">insbesondere f\u00fcr Berufst\u00e4tige mit unregelm\u00e4\u00dfigen Arbeitszeiten und f\u00fcr Eltern, die neben der F\u00fchrung eines Haushaltes das Abendgymnasium besuchen.<\/p>\n<ul style=\"text-align: justify;\">\n<li><strong>Geringerer zeitlicher und finanzieller Aufwand <\/strong><\/li>\n<\/ul>\n<p style=\"text-align: justify;\">durch die Reduzierung der Pr\u00e4senzzeiten auf drei Abende pro Woche und weniger Kosten f\u00fcr die Anfahrt zum Abendgymnasium Braunschweig<\/p>\n<ul style=\"text-align: justify;\">\n<li><strong>gr\u00f6\u00dfere Erfolgschancen <\/strong><\/li>\n<\/ul>\n<p style=\"text-align: justify;\">f\u00fcr den Weg bis zum Abitur durch die M\u00f6glichkeit der individuellen Arbeits- und Zeiteinteilung<\/p>\n<h2 style=\"text-align: justify;\"><strong>Konditionen und Voraussetzungen<\/strong><\/h2>\n<ul style=\"text-align: justify;\">\n<li>Es gelten dieselben <a href=\"http:\/\/abendgymnasium-braunschweig.de\/?page_id=27\"><u>Aufnahmekriterien<\/u><\/a> wie in den normalen Klassen<\/li>\n<li>Sie ben\u00f6tigen einen Online-Arbeitsplatz mit Internet-Anschluss, einen PC mit \u00fcblichem Browser und Textverarbeitungsprogramm, einen Drucker mit Scan-Funktion und entsprechende Kenntnisse der Bedienung<\/li>\n<li>Sichere Kenntnisse der deutschen Sprache in Wort und Schrift<\/li>\n<li>Gute Strukturierung der Lern- und Arbeitsorganisation, verantwortungsvolles Zeitmanagement<\/li>\n<li>Regelm\u00e4\u00dfige Teilnahme am Pr\u00e4senzunterricht; Fehlen kann grunds\u00e4tzlich nicht durch Leistungen in den Selbstlernphasen ausgeglichen werden<\/li>\n<\/ul>\n<h2 style=\"text-align: justify;\"><strong>Haben Sie Interesse?<\/strong><\/h2>\n<p style=\"text-align: justify;\">Dann senden Sie uns das ausgef\u00fcllte <a href=\"http:\/\/abendgymnasium-braunschweig.de\/wp-content\/uploads\/2026\/02\/Anmeldebogen_AGy-11.2024.pdf\" target=\"_blank\" rel=\"noopener noreferrer\"><u>Anmeldeformular<\/u><\/a> zur\u00fcck, auf dem Sie den Wunsch zur Teilnahme in der \u201eOnline zum Abitur\u201c-Klasse vermerken und diesen Wunsch kurz begr\u00fcnden.<\/p>\n<p style=\"text-align: justify;\">Sie k\u00f6nnen sich auch jederzeit in einem pers\u00f6nlichen Beratungsgespr\u00e4ch informieren.<\/p>\n<p style=\"text-align: justify;\">Hier finden Sie unsere aktuellen Termine f\u00fcr <a href=\"http:\/\/abendgymnasium-braunschweig.de\/?p=2118\"><u>Informationsveranstaltungen.<\/u><\/a><\/p>\n","protected":false},"excerpt":{"rendered":"<p>Abendgymnasium Braunschweig Online zum Abitur Im kommenden Schuljahr richten wir in der Einf\u00fchrungsphase eine Klasse ein, in der Sie \u201eonline\u201c zum Abitur gef\u00fchrt werden. In dieser besonderen Lerngruppe wird der abendliche Pr\u00e4senzunterricht mit einem internetgest\u00fctzten Selbststudium verbunden. Die Unterrichtsinhalte sind dieselben wie im klassischen abendgymnasialen Unterricht. Etwa die H\u00e4lfte der normalerweise zu belegenden 22 Unterrichtswochenstunden [&hellip;]<\/p>\n","protected":false},"author":3,"featured_media":0,"parent":7,"menu_order":0,"comment_status":"closed","ping_status":"closed","template":"","meta":{"footnotes":""},"_links":{"self":[{"href":"https:\/\/abendgymnasium-braunschweig.de\/index.php?rest_route=\/wp\/v2\/pages\/1164"}],"collection":[{"href":"https:\/\/abendgymnasium-braunschweig.de\/index.php?rest_route=\/wp\/v2\/pages"}],"about":[{"href":"https:\/\/abendgymnasium-braunschweig.de\/index.php?rest_route=\/wp\/v2\/types\/page"}],"author":[{"embeddable":true,"href":"https:\/\/abendgymnasium-braunschweig.de\/index.php?rest_route=\/wp\/v2\/users\/3"}],"replies":[{"embeddable":true,"href":"https:\/\/abendgymnasium-braunschweig.de\/index.php?rest_route=%2Fwp%2Fv2%2Fcomments&post=1164"}],"version-history":[{"count":25,"href":"https:\/\/abendgymnasium-braunschweig.de\/index.php?rest_route=\/wp\/v2\/pages\/1164\/revisions"}],"predecessor-version":[{"id":2184,"href":"https:\/\/abendgymnasium-braunschweig.de\/index.php?rest_route=\/wp\/v2\/pages\/1164\/revisions\/2184"}],"up":[{"embeddable":true,"href":"https:\/\/abendgymnasium-braunschweig.de\/index.php?rest_route=\/wp\/v2\/pages\/7"}],"wp:attachment":[{"href":"https:\/\/abendgymnasium-braunschweig.de\/index.php?rest_route=%2Fwp%2Fv2%2Fmedia&parent=1164"}],"curies":[{"name":"wp","href":"https:\/\/api.w.org\/{rel}","templated":true}]}}