{"id":112,"date":"2014-07-21T08:11:56","date_gmt":"2014-07-21T06:11:56","guid":{"rendered":"http:\/\/bsk.maennchen1.de\/?page_id=112"},"modified":"2019-01-24T20:05:40","modified_gmt":"2019-01-24T18:05:40","slug":"mathematik","status":"publish","type":"page","link":"https:\/\/abendgymnasium-braunschweig.de\/?page_id=112","title":{"rendered":"Mathematik"},"content":{"rendered":"<h1>MATHEMATIK<\/h1>\n<h2>am Abendgymnasium Braunschweig<\/h2>\n<hr>\n<p><b><span style=\"text-decoration:underline\">Einf\u00fchrungsphase<\/span><\/b><\/p>\n<p>Mathematik wird in der Einf\u00fchrungsphase mit vier Schulstunden pro Woche unterrichtet. Es werden f\u00fcr das Kurssystem wichtige Inhalte aus der Mittelstufe z.T. wiederholt. Nach den Herbstferien wird mit einem graphikf\u00e4higen Taschenrechner (TI-84 Plus) gearbeitet. Mit seiner Hilfe werden exemplarisch Teile des Minimalkatalogs sowie Grundbegriffe der Differentialrechnung bis hin zu Ableitungsregeln f\u00fcr Parabeln behandelt.<\/p>\n<p><b><span style=\"text-decoration:underline\">Qualifikationsphase<\/span><\/b><\/p>\n<p>In der Qualifikationsphase wird Mathematik mit vier Schulstuden pro Woche unterrichtet und kann entweder als P5-Fach mit m\u00fcndlicher Abiturpr\u00fcfung \u00fcber vier Schulhalbjahre, als schriftliches Pr\u00fcfungsfach mit grundlegenden oder erh\u00f6hten Anforderungen \u00fcber vier Schulhalbjahre oder als Wahlfach \u00fcber vier Schulhalbjahre belegt werden. Die Wahl der Semesterthemen wird durch die vom Kultusministerium im Hinblick auf die zentrale Abiturpr\u00fcfung festgelegten obligatorischen Materialien sowie die im <a href=\"http:\/\/db2.nibis.de\/1db\/cuvo\/datei\/ma_go_kc_druck_2018.pdf\" target=\"new\">Kerncurriculum Mathematik<\/a> angegebenen Themenfelder bestimmt.<\/p>\n<p>Diese schriftliche Pr\u00fcfung kann auf Antrag durch eine besondere Lernleistung ersetzt werden. Dazu ist eine schriftliche Dokumentation auf der Grundlage von mindestens zwei Schulhalbjahren erforderlich. Der m\u00fcndliche Pr\u00fcfungsteil ist ein Kolloquium auf der Grundlage der Dokumentation.<\/p>\n<table style=\"background-color: #bfffbf; border: 1px solid;\" width=\"70%\" cellspacing=\"2\" cellpadding=\"3\" bgcolor=\"#BFFFBF\">\n<colgroup>\n<col width=\"40\">\n<col width=\"280\"> <\/colgroup>\n<tbody>\n<tr>\n<td style=\"border: 1px solid;\" align=\"center\">Semester<\/td>\n<td style=\"border: 1px solid; padding-left: 10px;\" align=\"left\">Kursthema<\/td>\n<\/tr>\n<tr>\n<td style=\"border: 1px solid;\" align=\"center\">1<\/td>\n<td style=\"border: 1px solid; padding-left: 10px;\" align=\"left\">Analysis I<\/td>\n<\/tr>\n<tr>\n<td style=\"border: 1px solid;\" align=\"center\">2<\/td>\n<td style=\"border: 1px solid; padding-left: 10px;\" align=\"left\">Analysis II<\/td>\n<\/tr>\n<tr>\n<td style=\"border: 1px solid;\" align=\"center\">3<\/td>\n<td style=\"border: 1px solid; padding-left: 10px;\" align=\"left\">Analytische Geometrie und Lineare Algebra<\/td>\n<\/tr>\n<tr>\n<td style=\"border: 1px solid;\" align=\"center\">4<\/td>\n<td style=\"border: 1px solid; padding-left: 10px;\" align=\"left\">ausgew\u00e4hlte Themen<\/td>\n<\/tr>\n<\/tbody>\n<\/table>\n<p>&nbsp;<\/p>\n<p>Fachbezogene Hinweise f\u00fcr das Zentralabitur Mathematik: <a href=\"http:\/\/www.nibis.de\/uploads\/1heihoke\/curricula\/2019\/14MathematikHinweise2019.pdf\" target=\"new\">2019<\/a> <a href=\"http:\/\/www.nibis.de\/uploads\/1gosin\/files\/abitur2020\/14MathematikHinweise2020.pdf\" target=\"new\">2020<\/a> <a href=\"http:\/\/www.nibis.de\/uploads\/1gohrgs\/za2021\/14MathematikHinweise2021.pdf\" target=\"new\">2021<\/a><\/p>\n","protected":false},"excerpt":{"rendered":"<p>MATHEMATIK am Abendgymnasium Braunschweig Einf\u00fchrungsphase Mathematik wird in der Einf\u00fchrungsphase mit vier Schulstunden pro Woche unterrichtet. Es werden f\u00fcr das Kurssystem wichtige Inhalte aus der Mittelstufe z.T. wiederholt. Nach den Herbstferien wird mit einem graphikf\u00e4higen Taschenrechner (TI-84 Plus) gearbeitet. Mit seiner Hilfe werden exemplarisch Teile des Minimalkatalogs sowie Grundbegriffe der Differentialrechnung bis hin zu Ableitungsregeln [&hellip;]<\/p>\n","protected":false},"author":1,"featured_media":0,"parent":41,"menu_order":431,"comment_status":"open","ping_status":"open","template":"","meta":{"footnotes":""},"_links":{"self":[{"href":"https:\/\/abendgymnasium-braunschweig.de\/index.php?rest_route=\/wp\/v2\/pages\/112"}],"collection":[{"href":"https:\/\/abendgymnasium-braunschweig.de\/index.php?rest_route=\/wp\/v2\/pages"}],"about":[{"href":"https:\/\/abendgymnasium-braunschweig.de\/index.php?rest_route=\/wp\/v2\/types\/page"}],"author":[{"embeddable":true,"href":"https:\/\/abendgymnasium-braunschweig.de\/index.php?rest_route=\/wp\/v2\/users\/1"}],"replies":[{"embeddable":true,"href":"https:\/\/abendgymnasium-braunschweig.de\/index.php?rest_route=%2Fwp%2Fv2%2Fcomments&post=112"}],"version-history":[{"count":30,"href":"https:\/\/abendgymnasium-braunschweig.de\/index.php?rest_route=\/wp\/v2\/pages\/112\/revisions"}],"predecessor-version":[{"id":1699,"href":"https:\/\/abendgymnasium-braunschweig.de\/index.php?rest_route=\/wp\/v2\/pages\/112\/revisions\/1699"}],"up":[{"embeddable":true,"href":"https:\/\/abendgymnasium-braunschweig.de\/index.php?rest_route=\/wp\/v2\/pages\/41"}],"wp:attachment":[{"href":"https:\/\/abendgymnasium-braunschweig.de\/index.php?rest_route=%2Fwp%2Fv2%2Fmedia&parent=112"}],"curies":[{"name":"wp","href":"https:\/\/api.w.org\/{rel}","templated":true}]}}