{"id":104,"date":"2014-02-04T16:53:39","date_gmt":"2014-02-04T14:53:39","guid":{"rendered":"http:\/\/bsk.maennchen1.de\/?page_id=104"},"modified":"2019-01-24T20:06:41","modified_gmt":"2019-01-24T18:06:41","slug":"geschichte","status":"publish","type":"page","link":"https:\/\/abendgymnasium-braunschweig.de\/?page_id=104","title":{"rendered":"Geschichte"},"content":{"rendered":"<h1>GESCHICHTE<\/h1>\n<h2>am Abendgymnasium Braunschweig<\/h2>\n<hr>\n<p>&#8222;Die Geschichte soll nicht das Ged\u00e4chtnis beschweren, sondern den Verstand erleuchten.&#8220; &#8211; Gotthold Ephraim Lessing [1729 &#8211; 1781] \u2013 deutscher Schriftsteller, Kritiker und Philosoph der Aufkl\u00e4rung, oder wie es im Kerncurriculum f\u00fcr das Fach Geschichte hei\u00dft: Der Geschichtsunterricht &#8222;leistet einen wesentlichen Beitrag zur Ausbildung der pers\u00f6nlichen Identit\u00e4t und zur sozialen Orientierung und somit zur Teilhabe an der Gesellschaft. [&#8230;] Geschichtsunterricht st\u00e4rkt die F\u00e4higkeit zur Empathie, bietet die M\u00f6glichkeit zur Identifikation mit vorbildhaften Personen, vermittelt aber auch die F\u00e4higkeit zur kritischen Distanz.\u201c<\/p>\n<p><b><span style=\"text-decoration:underline\">Einf\u00fchrungsphase<\/span><\/b><\/p>\n<p>Geschichte wird in der Einf\u00fchrungsphase mit zwei Schulstunden pro Woche zeitgleich mit dem Fach Erdkunde unterrichtet. Daher kann pro Schulhalbjahr nur eines der beiden F\u00e4cher belegt werden. Ein Wechsel nach dem ersten Halbjahr ist je nach Fachkenntnissen m\u00f6glich.<\/p>\n<p>Der Unterricht in der Einf\u00fchrungsphase hat unter anderem zum Ziel in die Arbeitsweisen der Qualifikationsphase einzuf\u00fchren, Unterschiede, die sich durch die verschiedenen Bildungsg\u00e4nge der Kollegiatinnen und Kollegiaten ergeben haben, auszugleichen und Entscheidungshilfen bei der F\u00e4cherwahl in der Qualifikationsphase zu geben.<\/p>\n<p><b><span style=\"text-decoration:underline\">Qualifikationsphase<\/span><\/b><\/p>\n<p>In der Qualifikationsphase wird Geschichte mit vier Schulstuden pro Woche unterrichtet und kann entweder als P5-Fach mit m\u00fcndlicher Abiturpr\u00fcfung \u00fcber vier Schulhalbjahre, als schriftliches Pr\u00fcfungsfach mit grundlegenden oder erh\u00f6hten Anforderungen \u00fcber vier Schulhalbjahre oder als Wahlfach \u00fcber vier oder zwei Schulhalbjahre belegt werden. Die Wahl der Semesterthemen wird durch die vom Kultusministerium im Hinblick auf die zentrale Abiturpr\u00fcfung festgelegten obligatorischen Materialien sowie die im <a href=\"http:\/\/db2.nibis.de\/1db\/cuvo\/datei\/ge_go_kc_druck_2017.pdf\" target=\"new\">Kerncurriculum Geschichte<\/a> angegebenen Themenfelder bestimmt.<\/p>\n<p>Fachbezogene Hinweise f\u00fcr das Zentralabitur Geschichte <a href=\"http:\/\/www.nibis.de\/uploads\/1heihoke\/curricula\/2019\/10GeschichteHinweise%202019.pdf\" target=\"new\">2019<\/a> <a href=\"http:\/\/www.nibis.de\/uploads\/1gosin\/files\/abitur2020\/10GeschichteHinweise%202020.pdf\" target=\"new\">2020<\/a> <a href=\"http:\/\/www.nibis.de\/uploads\/1gohrgs\/za2021\/10GeschichteHinweise2021.pdf\" target=\"new\">2021<\/a><\/p>\n","protected":false},"excerpt":{"rendered":"<p>GESCHICHTE am Abendgymnasium Braunschweig &#8222;Die Geschichte soll nicht das Ged\u00e4chtnis beschweren, sondern den Verstand erleuchten.&#8220; &#8211; Gotthold Ephraim Lessing [1729 &#8211; 1781] \u2013 deutscher Schriftsteller, Kritiker und Philosoph der Aufkl\u00e4rung, oder wie es im Kerncurriculum f\u00fcr das Fach Geschichte hei\u00dft: Der Geschichtsunterricht &#8222;leistet einen wesentlichen Beitrag zur Ausbildung der pers\u00f6nlichen Identit\u00e4t und zur sozialen Orientierung [&hellip;]<\/p>\n","protected":false},"author":1,"featured_media":0,"parent":39,"menu_order":422,"comment_status":"open","ping_status":"open","template":"","meta":{"footnotes":""},"_links":{"self":[{"href":"https:\/\/abendgymnasium-braunschweig.de\/index.php?rest_route=\/wp\/v2\/pages\/104"}],"collection":[{"href":"https:\/\/abendgymnasium-braunschweig.de\/index.php?rest_route=\/wp\/v2\/pages"}],"about":[{"href":"https:\/\/abendgymnasium-braunschweig.de\/index.php?rest_route=\/wp\/v2\/types\/page"}],"author":[{"embeddable":true,"href":"https:\/\/abendgymnasium-braunschweig.de\/index.php?rest_route=\/wp\/v2\/users\/1"}],"replies":[{"embeddable":true,"href":"https:\/\/abendgymnasium-braunschweig.de\/index.php?rest_route=%2Fwp%2Fv2%2Fcomments&post=104"}],"version-history":[{"count":24,"href":"https:\/\/abendgymnasium-braunschweig.de\/index.php?rest_route=\/wp\/v2\/pages\/104\/revisions"}],"predecessor-version":[{"id":1701,"href":"https:\/\/abendgymnasium-braunschweig.de\/index.php?rest_route=\/wp\/v2\/pages\/104\/revisions\/1701"}],"up":[{"embeddable":true,"href":"https:\/\/abendgymnasium-braunschweig.de\/index.php?rest_route=\/wp\/v2\/pages\/39"}],"wp:attachment":[{"href":"https:\/\/abendgymnasium-braunschweig.de\/index.php?rest_route=%2Fwp%2Fv2%2Fmedia&parent=104"}],"curies":[{"name":"wp","href":"https:\/\/api.w.org\/{rel}","templated":true}]}}