{"id":79,"date":"2014-02-04T15:30:41","date_gmt":"2014-02-04T13:30:41","guid":{"rendered":"http:\/\/bsk.maennchen1.de\/?page_id=79"},"modified":"2019-01-23T20:36:12","modified_gmt":"2019-01-23T18:36:12","slug":"qualifikationsphase","status":"publish","type":"page","link":"http:\/\/abendgymnasium-braunschweig.de\/?page_id=79","title":{"rendered":"Qualifikationsphase"},"content":{"rendered":"<p>In der <strong>Qualifikationsphase<\/strong> wird der Unterricht in drei Kursen mit erh\u00f6htem Anforderungsniveau (vierst\u00fcndig) und in zwei Kursen mit grundlegendem Anforderungsniveau (vier- oder zweist\u00fcndig) angeboten. Zu Beginn der Qualifikationsphase muss man sich f\u00fcr einen fachlichen Schwerpunkt entscheiden.<br \/>\nIm sprachlichen Schwerpunkt stehen Deutsch und Englisch im Vordergrund, im naturwissenschaftlichen Schwerpunkt sind es Mathematik und eine Naturwissenschaft. Dar\u00fcber hinaus gibt es einen gesellschaftswissenschaftlichen Schwerpunkt mit Geschichte als Schwerpunktfach.<br \/>\nIn allen Schwerpunkten m\u00fcssen in jedem Schulhalbjahr durchschnittlich mindestens 22\u00a0Wochenstunden belegt werden, darunter Deutsch, Fremdsprachen*, Mathematik, eine Naturwissenschaft und Geschichte. Die Auflage f\u00fcr Geschichte kann auch mit Politik\/Wirtschaft oder Erdkunde erf\u00fcllt werden, wenn diese als Pr\u00fcfungsf\u00e4cher belegt sind.<\/p>\n<p><span style=\"font-size: 10pt;\">* s. unter Einf\u00fchrungsphase<\/span><\/p>\n","protected":false},"excerpt":{"rendered":"<p>In der Qualifikationsphase wird der Unterricht in drei Kursen mit erh\u00f6htem Anforderungsniveau (vierst\u00fcndig) und in zwei Kursen mit grundlegendem Anforderungsniveau (vier- oder zweist\u00fcndig) angeboten. Zu Beginn der Qualifikationsphase muss man sich f\u00fcr einen fachlichen Schwerpunkt entscheiden. Im sprachlichen Schwerpunkt stehen Deutsch und Englisch im Vordergrund, im naturwissenschaftlichen Schwerpunkt sind es Mathematik und eine Naturwissenschaft. Dar\u00fcber [&hellip;]<\/p>\n","protected":false},"author":1,"featured_media":0,"parent":31,"menu_order":333,"comment_status":"open","ping_status":"open","template":"","meta":{"footnotes":""},"_links":{"self":[{"href":"http:\/\/abendgymnasium-braunschweig.de\/index.php?rest_route=\/wp\/v2\/pages\/79"}],"collection":[{"href":"http:\/\/abendgymnasium-braunschweig.de\/index.php?rest_route=\/wp\/v2\/pages"}],"about":[{"href":"http:\/\/abendgymnasium-braunschweig.de\/index.php?rest_route=\/wp\/v2\/types\/page"}],"author":[{"embeddable":true,"href":"http:\/\/abendgymnasium-braunschweig.de\/index.php?rest_route=\/wp\/v2\/users\/1"}],"replies":[{"embeddable":true,"href":"http:\/\/abendgymnasium-braunschweig.de\/index.php?rest_route=%2Fwp%2Fv2%2Fcomments&post=79"}],"version-history":[{"count":6,"href":"http:\/\/abendgymnasium-braunschweig.de\/index.php?rest_route=\/wp\/v2\/pages\/79\/revisions"}],"predecessor-version":[{"id":1601,"href":"http:\/\/abendgymnasium-braunschweig.de\/index.php?rest_route=\/wp\/v2\/pages\/79\/revisions\/1601"}],"up":[{"embeddable":true,"href":"http:\/\/abendgymnasium-braunschweig.de\/index.php?rest_route=\/wp\/v2\/pages\/31"}],"wp:attachment":[{"href":"http:\/\/abendgymnasium-braunschweig.de\/index.php?rest_route=%2Fwp%2Fv2%2Fmedia&parent=79"}],"curies":[{"name":"wp","href":"https:\/\/api.w.org\/{rel}","templated":true}]}}