{"id":118,"date":"2014-02-04T16:57:02","date_gmt":"2014-02-04T14:57:02","guid":{"rendered":"http:\/\/bsk.maennchen1.de\/?page_id=118"},"modified":"2019-01-24T20:24:51","modified_gmt":"2019-01-24T18:24:51","slug":"physik","status":"publish","type":"page","link":"http:\/\/abendgymnasium-braunschweig.de\/?page_id=118","title":{"rendered":"Physik"},"content":{"rendered":"<h1><a name=\"Seitenanfang\"><\/a><br \/>\nPhysik<\/h1>\n<h2>am Abendgymnasium Braunschweig<\/h2>\n<hr>\n<p><b><span style=\"text-decoration:underline\">Einf\u00fchrungsphase<\/span><\/b><\/p>\n<p>Physik wird in der Einf\u00fchrungsphase mit zwei Schulstunden pro Woche zeitgleich mit den F\u00e4chern Biologie und Chemie unterrichtet. Daher kann pro Schulhalbjahr nur eines der drei F\u00e4cher belegt werden. Ein Wechsel nach dem ersten Halbjahr ist je nach Fachkenntnissen m\u00f6glich.<\/p>\n<p>In der Einf\u00fchrungsphase werden f\u00fcr das Kurssystem wichtige Inhalte aus der Mittelstufe&nbsp; wiederholt und dabei in die Arbeitsweise der Physik eingef\u00fchrt. Themen wie die Mechanik oder die Elektrizit\u00e4tslehre werden dabei unter anderem behandelt<\/p>\n<p><b><span style=\"text-decoration:underline\">Qualifikationsphase<\/span><\/b><\/p>\n<p>In der Qualifikationsphase wird Physik mit vier Schulstuden pro Woche unterrichtet und kann entweder als P5-Fach mit m\u00fcndlicher Abiturpr\u00fcfung \u00fcber vier Schulhalbjahre, als schriftliches Pr\u00fcfungsfach mit grundlegenden oder erh\u00f6hten Anforderungen \u00fcber vier Schulhalbjahre oder als Wahlfach \u00fcber vier oder zwei Schulhalbjahre belegt werden. Die Wahl der Semesterthemen wird durch die vom Kultusministerium im Hinblick auf die zentrale Abiturpr\u00fcfung festgelegten obligatorischen Materialien sowie die im <a href=\"http:\/\/db2.nibis.de\/1db\/cuvo\/datei\/ph_go_kc_druck_2017.pdf\" target=\"new\">Kerncurriculum Physik<\/a> angegebenen Themenfelder bestimmt.<\/p>\n<p>Von der Fachkonferenz Physik festgelegte Kursthemen:.<\/p>\n<table style=\"background-color: #bfffbf; border: 1px solid;\" width=\"70%\" cellspacing=\"1\" cellpadding=\"3\" bgcolor=\"#BFFFBF\">\n<tbody><\/tbody>\n<colgroup>\n<col width=\"40\">\n<col width=\"280\">\n<\/colgroup>\n<tbody>\n<tr>\n<td style=\"border: 1px solid;\" align=\"center\">Semester<\/td>\n<td style=\"border: 1px solid; padding-left: 10px;\" align=\"left\"> Kursthema<\/td>\n<\/tr>\n<tr>\n<td style=\"border: 1px solid;\" align=\"center\">1<\/td>\n<td style=\"border: 1px solid; padding-left: 10px;\" align=\"left\">Elektrische und magnetische Felder<\/td>\n<\/tr>\n<tr>\n<td style=\"border: 1px solid;\" align=\"center\">2<\/td>\n<td style=\"border: 1px solid; padding-left: 10px;\" align=\"left\">Schwingungen und Wellen<\/td>\n<\/tr>\n<tr>\n<td style=\"border: 1px solid;\" align=\"center\">3<\/td>\n<td style=\"border: 1px solid; padding-left: 10px;\" align=\"left\">Atom- und Kernphysik<\/td>\n<\/tr>\n<tr>\n<td style=\"border: 1px solid;\" align=\"center\">4<\/td>\n<td style=\"border: 1px solid; padding-left: 10px;\" align=\"left\">usgew\u00e4hlte Kapitel<\/td>\n<\/tr>\n<\/tbody>\n<\/table>\n","protected":false},"excerpt":{"rendered":"<p>Physik am Abendgymnasium Braunschweig Einf\u00fchrungsphase Physik wird in der Einf\u00fchrungsphase mit zwei Schulstunden pro Woche zeitgleich mit den F\u00e4chern Biologie und Chemie unterrichtet. Daher kann pro Schulhalbjahr nur eines der drei F\u00e4cher belegt werden. Ein Wechsel nach dem ersten Halbjahr ist je nach Fachkenntnissen m\u00f6glich. In der Einf\u00fchrungsphase werden f\u00fcr das Kurssystem wichtige Inhalte aus [&hellip;]<\/p>\n","protected":false},"author":1,"featured_media":0,"parent":41,"menu_order":434,"comment_status":"open","ping_status":"open","template":"","meta":{"footnotes":""},"_links":{"self":[{"href":"http:\/\/abendgymnasium-braunschweig.de\/index.php?rest_route=\/wp\/v2\/pages\/118"}],"collection":[{"href":"http:\/\/abendgymnasium-braunschweig.de\/index.php?rest_route=\/wp\/v2\/pages"}],"about":[{"href":"http:\/\/abendgymnasium-braunschweig.de\/index.php?rest_route=\/wp\/v2\/types\/page"}],"author":[{"embeddable":true,"href":"http:\/\/abendgymnasium-braunschweig.de\/index.php?rest_route=\/wp\/v2\/users\/1"}],"replies":[{"embeddable":true,"href":"http:\/\/abendgymnasium-braunschweig.de\/index.php?rest_route=%2Fwp%2Fv2%2Fcomments&post=118"}],"version-history":[{"count":23,"href":"http:\/\/abendgymnasium-braunschweig.de\/index.php?rest_route=\/wp\/v2\/pages\/118\/revisions"}],"predecessor-version":[{"id":1704,"href":"http:\/\/abendgymnasium-braunschweig.de\/index.php?rest_route=\/wp\/v2\/pages\/118\/revisions\/1704"}],"up":[{"embeddable":true,"href":"http:\/\/abendgymnasium-braunschweig.de\/index.php?rest_route=\/wp\/v2\/pages\/41"}],"wp:attachment":[{"href":"http:\/\/abendgymnasium-braunschweig.de\/index.php?rest_route=%2Fwp%2Fv2%2Fmedia&parent=118"}],"curies":[{"name":"wp","href":"https:\/\/api.w.org\/{rel}","templated":true}]}}